{"id":9968,"date":"2024-12-10T15:11:56","date_gmt":"2024-12-10T07:11:56","guid":{"rendered":"https:\/\/shop.idnworld.com\/product\/idn-v29n4%ef%bc%9a%e8%97%9d%e8%a1%93%e7%af%80%e6%85%b6%e5%8f%8a%e6%b4%bb%e5%8b%95%e6%a8%99%e8%ad%98"},"modified":"2025-04-25T14:02:09","modified_gmt":"2025-04-25T06:02:09","slug":"v29n4","status":"publish","type":"product","link":"https:\/\/shop.idnworld.com\/zh-hant\/product\/v29n4\/","title":{"rendered":"IdN v29n4\uff1a\u85dd\u8853\u7bc0\u6176\u53ca\u6d3b\u52d5\u6a19\u8b58"},"content":{"rendered":"<p><strong>\u85dd\u8853\u7bc0\u6176\u53ca\u6d3b\u52d5\u6a19\u8b58<\/strong><br \/>\nDesign By Chelsea\u662f\u6211\u5011\u7684\u53d7\u8a2a\u8005\u4e4b\u4e00\uff0c\u5979\u5805\u6301\u8a8d\u70ba\u300c\u5728\u70ba\u6d3b\u52d5\u3001\u85dd\u8853\u7bc0\u6176\u6216\u73fe\u5834\u9ad4\u9a57\u505a\u8a2d\u8a08\u6642\uff0c\u95dc\u9375\u662f\u8981\u5275\u9020\u4e00\u7a2e\u80fd\u7522\u751f\u8208\u596e\u548c\u671f\u5f85\u7684\u7acb\u7aff\u898b\u5f71\u7684\u6548\u679c\u3002\u8a2d\u8a08\u5fc5\u9808\u5f15\u4eba\u5165\u52dd\u3001\u6fc0\u767c\u8208\u8da3\uff0c\u9f13\u52f5\u4eba\u5011\u53c3\u8207\uff0c\u4e26\u78ba\u4fdd\u4ee4\u4eba\u96e3\u4ee5\u5fd8\u61f7\u300d\u3002<\/p>\n<p>\u300c\u6700\u7d42\uff0c\u4f60\u8981\u505a\u7684\u662f\u6253\u9020\u4e00\u7a2e\u80fd\u7522\u751f\u6df1\u523b\u800c\u6709\u6548\u5171\u9cf4\u7684\u9ad4\u9a57\uff0c\u4e26\u7d66\u8207\u6703\u8005\u7559\u4e0b\u6301\u4e45\u7684\u5370\u8c61\u3002\u300d\u85dd\u8853\u7bc0\u6176\u6216\u6d3b\u52d5\u53ef\u80fd\u53ea\u6301\u7e8c\u5e7e\u5929\u6216\u5e7e\u5468\uff0c\u4f46\u5982\u679c\u64c1\u6709\u51fa\u8272\u7684\u6a19\u8b58\uff0c\u5b83\u53ef\u80fd\u6703\u5728\u89c0\u773e\u7684\u8166\u6d77\u4e2d\u7559\u5b58\u6578\u5e74\uff0c\u751a\u81f3\u76f4\u81f3\u4eca\u5929\u4ecd\u7136\u6703\u88ab\u4eba\u5011\u8ac7\u8ad6\uff0c\u540c\u6642\u4e5f\u6709\u4eba\u9084\u5728\u7a7f\u8457\u548c\u4f7f\u7528\u5728\u6d3b\u52d5\u4e2d\u51fa\u552e\u7684\u7522\u54c1\u3002<\/p>\n<p>\u7121\u8ad6\u5728\u4f55\u7a2e\u63a5\u89f8\u3001\u6703\u9762\u7684\u5834\u5408\uff0cID\u90fd\u9700\u8981\u6709\u5275\u9020\u529b\u548c\u9748\u6d3b\u6027\uff0c\u6216\u8005\uff0c\u6b63\u5982\u6211\u5011\u7684\u53d7\u8a2a\u8005\u4e4b\u4e00Thomas Chan\u6240\u8aaa\u7684\uff1a\u300c\u6bcf\u500b\u4eba\u90fd\u671f\u5f85\u85dd\u8853\u7bc0\u6176\u6d3b\u52d5\u8a2d\u8a08\u6709\u4e00\u9ede\u760b\u72c2\u3002\u5b83\u66f4\u591a\u7684\u662f\u6fc0\u767c\u5373\u6642\u60c5\u611f\uff0c\u800c\u975e\u4e0d\u53d7\u6642\u9593\u5f71\u97ff\u7684\u7406\u6027\u7684\u54c1\u724c\u6a19\u8b58\u5c08\u6848\u3002\u300d<\/p>\n<p><strong>\u8a2d\u8a08\u55ae\u4f4d\uff1a<\/strong><br \/>\n1983Asia | Abissal Brands Co. | Andstudio | Basar Studio | Katerina Blistanova | CB DESIGN | Thomas Chan Tsz Fung | Chelsea Sabugo (Designs By Chelsea) | Chlo\u00e9 Grienenberger | Eager Zhang | Ella Zheng | Everyday Practice | Fixgu (Gustavo Estev\u00e3o) | Goo Choki Par | h3I Branding Agency | Han Gao | IS Creative Studio | Jinxin Liu\/Medium Design | Julia Miceli Pitta Studio | Kenneth Kuh | Kinoto Studio | Leandro Alzate | Lorenzo T MB | Mario Carpe | MAUM Studio | Neopop Imagin\u00e1ria | NOSSA TM | Novo Engenho Comunica\u00e7\u00e3o | Ochodias | One Design Studio | Out Of Office | Quim Marin Studio | Rafa Lima | Rakhmat Jaka | Rhox | Studio Lina Forsgren | Tepy G\u00f3mez | The Woork | Tiquismiquis.club | Vedia Design Studio | Xinyun Huang<\/p>\n<p><strong>\u660e\u7d30\uff1a<\/strong><br \/>\n160p + 8p cover<br \/>\n160mm (w) x 230mm (h)<br \/>\n4 varying paper stocks<br \/>\n4C process + matt lamination<br \/>\nISSN\uff08\u570b\u969b\u82f1\u6587\u7248\uff09\uff1a1029 4805<br \/>\nISSN\uff08\u7e41\u9ad4\u4e2d\u6587\u7248\uff09\uff1a1029 4813<\/p>\n","protected":false},"excerpt":{"rendered":"<p><strong>\u85dd\u8853\u7bc0\u6176\u6d3b\u52d5\u4e4b\u7121\u7aae\u6a02\u8da3<\/strong><br \/>\n\u7121\u8ad6\u662f\u70ba\u5c55\u89bd\u3001\u6d3b\u52d5\u9084\u662f\u97f3\u6a02\u6703\u8a2d\u8a08\u7684\u6a19\u8b58\uff0c\u5373\u4f7f\u6d3b\u52d5\u672c\u8eab\u53ea\u6301\u7e8c\u5e7e\u5929\uff0cID\u4e5f\u61c9\u8a72\u5177\u6709\u975e\u5e38\u5f37\u5927\u7684\u5f71\u97ff\u529b\u3002\u5b83\u61c9\u8a72\u51fa\u73fe\u5728\u6240\u6709\u53ef\u80fd\u7684\u5e73\u81fa\u4e0a\uff0c\u4e26\u660e\u78ba\u9673\u8ff0\u6d3b\u52d5\u7684\u4e3b\u984c\u548c\u80cc\u666f\u3002\u5b83\u9700\u8981\u6e05\u695a\u5730\u986f\u793a\u6240\u6709\u5fc5\u8981\u7684\u8cc7\u8a0a \u2014 \u65e5\u671f\u3001\u6703\u5834\u4f4d\u5740\u3001\u6d3b\u52d5\u5b89\u6392 \u2014 \u901a\u904e\u4ee4\u4eba\u6b4e\u70ba\u89c0\u6b62\u7684\u8996\u89ba\u6548\u679c\u4f86\u5448\u73fe\u6d3b\u52d5\u7684\u4e3b\u984c\u3002ID\u7cfb\u7d71\u61c9\u8a72\u80fd\u5be6\u73fe\u8de8\u5e73\u81fa\u5de5\u4f5c\uff0c\u7121\u8ad6\u662f\u61c9\u7528\u7a0b\u5f0f\u3001\u7db2\u8def\u3001\u96fb\u8996\u7b49\u6578\u4f4d\u5e73\u81fa\uff0c\u9084\u662f\u6d77\u5831\u548c\u50b3\u55ae\u7b49\u5be6\u9ad4\u5e73\u81fa\uff0c\u90fd\u56ca\u62ec\u5728\u5167\u3002\u8996\u89ba\u6548\u679c\u5fc5\u9808\u6709\u4ee4\u4eba\u5927\u958b\u773c\u754c\u7684\u6548\u679c\uff0c\u4ee5\u5438\u5f15\u6f5b\u5728\u7684\u89c0\u773e\u4ee5\u53ca\u76e1\u53ef\u80fd\u591a\u7684\u53c3\u8207\u8005\u3002<\/p>\n<p>\u5728\u9019\u4e00\u671f\u4e2d\uff0c\u6211\u5011\u5c07\u4ecb\u7d39\u56db\u5341\u591a\u4f4d\u8a2d\u8a08\u5e2b\uff0c \u4ed6\u5011\u90fd\u662f\u85dd\u8853\u7bc0\u6176\u548c\u6d3b\u52d5\u6a19\u8b58\u8a2d\u8a08\u7684\u5c08\u5bb6\uff0c\u4ed6\u5011\u5c07 \u6703\u975e\u5e38\u53cb\u597d\u5730\u8207\u4f60\u5206\u4eab\u4ed6\u5011\u7684\u60f3\u6cd5\u548c\u5efa\u8b70\u3002<\/p>\n","protected":false},"featured_media":10506,"template":"","meta":[],"product_brand":[],"product_cat":[31],"product_tag":[],"class_list":{"0":"post-9968","1":"product","2":"type-product","3":"status-publish","4":"has-post-thumbnail","6":"product_cat-idn","8":"first","9":"instock","10":"taxable","11":"shipping-taxable","12":"purchasable","13":"product-type-variable","14":"has-default-attributes"},"_links":{"self":[{"href":"https:\/\/shop.idnworld.com\/zh-hant\/wp-json\/wp\/v2\/product\/9968","targetHints":{"allow":["GET"]}}],"collection":[{"href":"https:\/\/shop.idnworld.com\/zh-hant\/wp-json\/wp\/v2\/product"}],"about":[{"href":"https:\/\/shop.idnworld.com\/zh-hant\/wp-json\/wp\/v2\/types\/product"}],"wp:featuredmedia":[{"embeddable":true,"href":"https:\/\/shop.idnworld.com\/zh-hant\/wp-json\/wp\/v2\/media\/10506"}],"wp:attachment":[{"href":"https:\/\/shop.idnworld.com\/zh-hant\/wp-json\/wp\/v2\/media?parent=9968"}],"wp:term":[{"taxonomy":"product_brand","embeddable":true,"href":"https:\/\/shop.idnworld.com\/zh-hant\/wp-json\/wp\/v2\/product_brand?post=9968"},{"taxonomy":"product_cat","embeddable":true,"href":"https:\/\/shop.idnworld.com\/zh-hant\/wp-json\/wp\/v2\/product_cat?post=9968"},{"taxonomy":"product_tag","embeddable":true,"href":"https:\/\/shop.idnworld.com\/zh-hant\/wp-json\/wp\/v2\/product_tag?post=9968"}],"curies":[{"name":"wp","href":"https:\/\/api.w.org\/{rel}","templated":true}]}}