{"id":9622,"date":"2024-07-25T17:52:32","date_gmt":"2024-07-25T09:52:32","guid":{"rendered":"https:\/\/shop.idnworld.com\/product\/idn-v29n3%ef%bc%9a%e8%a3%9d%e9%a3%be%ef%bc%8f%e5%b1%95%e7%a4%ba%e5%ad%97%e9%ab%94"},"modified":"2025-04-25T14:10:25","modified_gmt":"2025-04-25T06:10:25","slug":"v29n3","status":"publish","type":"product","link":"https:\/\/shop.idnworld.com\/zh-hant\/product\/v29n3\/","title":{"rendered":"IdN v29n3\uff1a\u88dd\u98fe\uff0f\u5c55\u793a\u5b57\u9ad4"},"content":{"rendered":"<p><strong>\u88dd\u98fe\uff0f\u5c55\u793a\u5b57\u9ad4<\/strong><br \/>\n\u5728\u8a2d\u8a08\u754c\uff0c\u300c\u5c55\u793a\u300d\u4e00\u8a5e\u901a\u5e38\u8207\u5c3a\u5bf8\u7684\u5927\u5c0f\u6709\u6240\u95dc\u9375\uff0c\u4ea6\u5e38\u7528\u65bc\u6a19\u984c\u3001\u5b57\u5e55\u3001\u62db\u724c\u53ca\u5176\u4ed6\u986f\u773c\u7684\u8a2d\u8a08\u9805\u76ee\u3002\u56e0\u6b64\uff0c\u5c55\u793a\u5b57\u9ad4\u901a\u5e38\u53ef\u7528\u5230\u88dd\u98fe\u3001\u5bcc\u6709\u8868\u73fe\u529b\uff0c\u610f\u5716\u88fd\u9020\u5f37\u70c8\u7684\u8996\u89ba\u885d\u64ca\u3002<\/p>\n<p>\u9867\u540d\u601d\u7fa9\uff0c\u5b83\u6709\u5225\u65bc\u5176\u4ed6\u985e\u578b\u7684\u5b57\u9ad4\uff1b\u4f60\u4e0d\u6703\u5728\u5167\u6587\u4e2d\u4f7f\u7528\u88dd\u98fe\u5b57\u9ad4\u548c\u5c55\u793a\u5b57\u9ad4\uff0c\u800c\u662f\u628a\u5b83\u5011\u7528\u4f5c\u526f\u6a19\u984c\uff0c\u5728\u6bb5\u843d\u4e4b\u9593\u505a\u4e00\u500b\u505c\u9813\u6216\u7a81\u51fa\u4e00\u4e9b\u4f60\u60f3\u5f15\u4eba\u95dc\u6ce8\u7684\u4e3b\u8981\u5143\u7d20\uff0c\u4e26\u78ba\u4fdd\u8b80\u8005\u6e05\u6670\u7406\u89e3\u8cc7\u8a0a\u3002<\/p>\n<p>\u9019\u807d\u8d77\u4f86\u5bb9\u6613\uff0c\u5be6\u969b\u4e0a\u4e26\u975e\u5982\u6b64\uff08\u666e\u5929\u4e4b\u4e0b\u6c92\u6709\u4ec0\u9ebc\u4e8b\u7c21\u7c21\u55ae\u55ae\u5c31\u80fd\u8fa6\u5230\uff01\uff09\u6240\u4ee5\uff0c\u5c55\u793a\u5b57\u9ad4\u7684\u8a2d\u8a08\u61c9\u76e1\u53ef\u80fd\u5927\u81bd\u548c\u5f15\u4eba\u6ce8\u76ee\u3002\u7576\u8a2d\u8a08\u5e2b\u5728\u96fb\u8166\u4e0a\u505a\u8a2d\u8a08\u6642\uff0c\u4ed6\u5011\u9700\u8981\u60f3\u50cf\u9019\u4e9b\u5b57\u9ad4\u5728\u4e0d\u540c\u5834\u666f\u4e0b\u7684\u5c55\u793a\u6548\u679c\uff0c\u6bd4\u5982\u5ee3\u544a\u677f\u3001\u96dc\u8a8c\u3001\u62db\u724c\u7b49\uff0c\u4e26\u70ba\u6b64\u505a\u8db3\u6e96\u5099\u3002<\/p>\n<p><strong>\u8a2d\u8a08\u55ae\u4f4d\uff1a<\/strong><br \/>\n0. itemzero | Alberto Romanos (Branding with Type) | Andrey Sharonov | Anna Suvorova (Studio Suvorovaart) | Carmen N\u00e1cher | Denis Serebryakov (Serebryakov TF) | Giovanni Stillittano | Hondo Studio | Jad Maza | Jasmina Zornic | Jo\u00e3o Neves (nevesman) | Kristiana Hristova | Lahis Strobel | Louis Letters | Lundqvist &#038; Dallyn | Mantra Naga Type Foundry | Marcello Della Puppa | Mark Bloom (CoType Foundry) | Mat Voyce | Matheus Mendes (Guasca Studio) | Morgane Vantorre | Muhittin G\u00fcne\u015f (Studio Muhittin G\u00fcne\u015f) | MuirMcNeil | Paul Bokslag | Redy Studio | Sabina Chipar\u0103 (Kipara Studio) | Santiago Luna | Sean Kane | Spook DesignCo. (Casper Schutte) | Struvictory.art (Victoria Strukovskaya) | Txaber Graphic Studio (Txaber Mentxaka) | TypeType Foundry | Typeverything | YouWorkForThem<\/p>\n<p><strong>\u660e\u7d30\uff1a<\/strong><br \/>\n160p + 8p cover<br \/>\n160mm\uff08w\uff09x 230mm\uff08h\uff09<br \/>\n4 varying paper stocks<br \/>\n4C process + matt lamination<br \/>\nISSN\uff08\u570b\u969b\u82f1\u6587\u7248\uff09\uff1a1029 4805<br \/>\nISSN\uff08\u7e41\u9ad4\u4e2d\u6587\u7248\uff09\uff1a1029 4813<\/p>\n","protected":false},"excerpt":{"rendered":"<p><strong>\u7576\u5b57\u539f\u662f\u8209\u8db3\u8f15\u91cd\u6642<\/strong><br \/>\n\u5728\u88dd\u98fe\u548c\u5c55\u793a\u5b57\u9ad4\u9818\u57df\uff0c\u5b57\u6b3e\u53ca\u5176\u5927\u5c0f\u4f3c\u4e4e\u771f\u7684\u8209\u8db3\u8f15\u91cd\uff1b\u5373\u4f7f\u5b83\u5728\u87a2\u5e55\u4e0a\u770b\u8d77\u4f86\u5f88\u5b8c\u7f8e\uff0c\u4f60\u4ecd\u7136\u4e0d\u80fd\u78ba\u5b9a\u7576\u5b83\u88ab\u653e\u5927\u4e4b\u5f8c\u9019\u7a2e\u5b8c\u7f8e\u662f\u5426\u4ecd\u7136\u5b58\u5728\uff0c\u800c\u4e14\u7576\u5b83\u8207\u4e0d\u540c\u985e\u578b\u7684\u5b57\u9ad4\u4e26\u6392\u653e\u7f6e\u6642\uff0c\u53ef\u80fd\u6703\u7522\u751f\u67d0\u4e9b\u4e0d\u5354\u8abf\u4e4b\u611f\u3002\u8a2d\u8a08\u5e2b\u9700\u8981\u5c07\u5b83\u5011\u4ee5\u4e0d\u540c\u7684\u5b57\u6b3e\u8207\u5176\u4ed6\u6240\u6709\u5b57\u9ad4\u9032\u884c\u642d\u914d\uff0c\u4ee5\u78ba\u4fdd\u5b83\u5011\u7121\u8ad6\u662f\u4ec0\u9ebc\u5b57\u6b3e\u90fd\u80fd\u6210\u70ba\u73e0\u806f\u74a7\u5408\u7684\u4e00\u5c0d\u3002<\/p>\n<p>\u5728\u9019\u4e00\u671f\u4e2d\uff0c\u6211\u5011\u805a\u96c6\u4e8634\u4f4d\u5177\u6709\u8c50\u5bcc\u7684\u88dd\u98fe\u548c\u5c55\u793a\u5b57\u9ad4\u88fd\u4f5c\u7d93\u9a57\u7684\u64b0\u7a3f\u4eba\uff0c\u4ed6\u5011\u5927\u65b9\u5730\u8207\u6211\u5011\u5206\u4eab\u4e86\u81ea\u5df1\u7684\u8a2d\u8a08\u8a23\u7ac5\u3002<\/p>\n","protected":false},"featured_media":10540,"template":"","meta":[],"product_brand":[],"product_cat":[31],"product_tag":[],"class_list":{"0":"post-9622","1":"product","2":"type-product","3":"status-publish","4":"has-post-thumbnail","6":"product_cat-idn","8":"first","9":"instock","10":"taxable","11":"shipping-taxable","12":"purchasable","13":"product-type-variable","14":"has-default-attributes"},"_links":{"self":[{"href":"https:\/\/shop.idnworld.com\/zh-hant\/wp-json\/wp\/v2\/product\/9622","targetHints":{"allow":["GET"]}}],"collection":[{"href":"https:\/\/shop.idnworld.com\/zh-hant\/wp-json\/wp\/v2\/product"}],"about":[{"href":"https:\/\/shop.idnworld.com\/zh-hant\/wp-json\/wp\/v2\/types\/product"}],"wp:featuredmedia":[{"embeddable":true,"href":"https:\/\/shop.idnworld.com\/zh-hant\/wp-json\/wp\/v2\/media\/10540"}],"wp:attachment":[{"href":"https:\/\/shop.idnworld.com\/zh-hant\/wp-json\/wp\/v2\/media?parent=9622"}],"wp:term":[{"taxonomy":"product_brand","embeddable":true,"href":"https:\/\/shop.idnworld.com\/zh-hant\/wp-json\/wp\/v2\/product_brand?post=9622"},{"taxonomy":"product_cat","embeddable":true,"href":"https:\/\/shop.idnworld.com\/zh-hant\/wp-json\/wp\/v2\/product_cat?post=9622"},{"taxonomy":"product_tag","embeddable":true,"href":"https:\/\/shop.idnworld.com\/zh-hant\/wp-json\/wp\/v2\/product_tag?post=9622"}],"curies":[{"name":"wp","href":"https:\/\/api.w.org\/{rel}","templated":true}]}}