{"id":9479,"date":"2024-03-19T12:47:09","date_gmt":"2024-03-19T04:47:09","guid":{"rendered":"https:\/\/shop.idnworld.com\/product\/idn-v29n2%ef%bc%9a%e5%9c%96%e8%a7%a3%e8%b3%87%e8%a8%8a%e8%a8%ad%e8%a8%88"},"modified":"2025-04-25T14:23:14","modified_gmt":"2025-04-25T06:23:14","slug":"v29n2","status":"publish","type":"product","link":"https:\/\/shop.idnworld.com\/zh-hant\/product\/v29n2\/","title":{"rendered":"IdN v29n2\uff1a\u5716\u89e3\u8cc7\u8a0a\u8a2d\u8a08"},"content":{"rendered":"<p><strong>\u5716\u89e3\u8cc7\u8a0a\u8a2d\u8a08<\/strong><br \/>\n\u6211\u5011\u9080\u8acb\u5230\u4e00\u4e9b\u5c08\u9580\u88fd\u4f5c\u8cc7\u8a0a\u548c\u6578\u64da\u5716\u50cf\u7684\u8a2d\u8a08\u5e2b\uff0c\u4ed6\u5011\u90fd\u6709\u5171\u540c\u7684\u611b\u597d\uff0c\u90a3\u5c31\u662f\u5316\u7e41\u70ba\u7c21\u3002\u7576\u7136\uff0c\u9019\u4e00\u904e\u7a0b\u4e26\u4e0d\u7c21\u55ae\u3002\u4ed6\u5011\u4e4b\u4e2d\u8a31\u591a\u4eba\u90fd\u540c\u610f\uff0c\u9996\u5148\u9700\u8981\u5145\u5206\u7406\u89e3\u548c\u6d88\u5316\u624b\u982d\u4e0a\u7684\u6240\u6709\u8cc7\u8a0a\uff08\u7562\u7adf\uff0c\u4f60\u4e0d\u80fd\u8a2d\u8a08\u81ea\u5df1\u90fd\u4e0d\u7406\u89e3\u7684\u6771\u897f\uff09\uff0c\u7136\u5f8c\u624d\u958b\u59cb\u6c7a\u5b9a\u5982\u4f55\u96c6\u5408\u6578\u64da\u4e26\u9032\u884c\u5206\u985e\u3001\u512a\u5148\u6392\u5e8f\u548c\u5716\u50cf\u8a2d\u8a08\uff0c\u4ee5\u6b64\u5448\u73fe\u7368\u7279\u4f46\u6709\u6548\u7684\u8cc7\u8a0a\u5716\u50cf\u3002<\/p>\n<p>\u7576\u88ab\u554f\u53ca\u4ed6\u5011\u5e0c\u671b\u5728\u54ea\u4e9b\u5a92\u9ad4\u5340\u57df\u770b\u5230\u66f4\u591a\u7684\u8cc7\u8a0a\u5716\u50cf\u6642\uff0c\u4ee4\u4eba\u9a5a\u8a1d\u7684\u662f\uff0c\u4ed6\u5011\u90fd\u6709\u76f8\u4f3c\u7684\u9858\u666f\u3002\u8a31\u591a\u4eba\u5e0c\u671b\u80fd\u5728\u52d5\u614b\u5716\u50cf\u6216\u4e92\u52d5\u5a92\u9ad4\uff08\u5982\u5e73\u677f\u96fb\u8166\u3001\u5c55\u89bd\u548c\u8cc7\u8a0a\u677f\u9762\u7b49\uff09\u4e0a\u770b\u5230\u66f4\u591a\u7684\u8cc7\u8a0a\u5716\u50cf\uff0c\u56e0\u70ba\u8cc7\u8a0a\u5716\u50cf\u5927\u591a\u6578\u53ea\u9069\u7528\u65bc\u5370\u5237\u677f\u9762\u6216\u975c\u614b\u683c\u5f0f\u3002<\/p>\n<p><strong>\u8a2d\u8a08\u55ae\u4f4d\uff1a<\/strong><br \/>\nAdam Sharratt | Adrian Bauer | Agency S\/R | Alessia Mus\u00eco | Camila A. Mayorga A. | Craig Taylor (Mapzilla) | Giorgio Guidotti | Ilaria Mastro | Infographics Lab 203 | Jamie Kettle | Kisub Moon | K\u00fcr\u015fat \u00dcnsal | Mihajlo Jakovljev | Natalia Sayuri Lara | Nergis A\u015far | Podpunkt Studio | Romualdo Faura | Set Reset | Shangning Wang &#038; Jiayan He | Till noon | united by | Victoria da Costa<\/p>\n<p><strong>\u660e\u7d30\uff1a<\/strong><br \/>\n160p + 8p cover<br \/>\n160mm\uff08w\uff09x 230mm\uff08h\uff09<br \/>\n4 varying paper stocks<br \/>\n4C process + matt lamination<br \/>\nISSN\uff08\u570b\u969b\u82f1\u6587\u7248\uff09\uff1a1029 4805<br \/>\nISSN\uff08\u7e41\u9ad4\u4e2d\u6587\u7248\uff09\uff1a1029 4813<\/p>\n","protected":false},"excerpt":{"rendered":"<p><strong>\u5316\u7e41\u70ba\u7c21\u2044\u4ee5\u5716\u4ee3\u5b57<\/strong><br \/>\n\u8cc7\u8a0a\u5716\u50cf\uff08\u6216\u8005\u5728\u672c\u671f\u96dc\u8a8c\u4e2d\u66f4\u5177\u9ad4\u5730\u8aaa\uff0c\u662f\u6578\u64da\u5716\u50cf\uff09\u5c31\u662f\u5c07\u6975\u5176\u8907\u96dc\u7684\u6578\u64da\u8f49\u5316\u70ba\u7c21\u55ae\u6613\u8b80\u7684\u5716\u50cf\u3002\u5b83\u6700\u5e38\u898b\u65bc\u7de8\u8f2f\u8a2d\u8a08\u4e2d\uff0c\u7576\u76f8\u4e92\u95dc\u806f\u7684\u60f3\u6cd5\u53ef\u80fd\u4e0d\u592a\u5bb9\u6613\u7406\u89e3\u3001\u9700\u8981\u6f84\u6e05\u6216\u9700\u8981\u5f37\u8abf\u6545\u4e8b\u6216\u6578\u64da\u7684\u67d0\u500b\u65b9\u9762\u6642\u3002<\/p>\n<p>\u4f46\u5728\u9019\u500b\u6642\u4ee3\u66f4\u662f\u5982\u6b64\uff0c\u5c24\u5176\u662f\u5c0d\u65bc\u7db2\u8def\u5a92\u9ad4\u800c\u8a00\uff0c\u4eba\u5011\u4e5f\u6703\u7528\u8cc7\u8a0a\u5716\u50cf\u5c07\u67af\u71e5\u7684\u8cc7\u8a0a\u6216\u4e0d\u90a3\u9ebc\u4ee4\u4eba\u632f\u596e\u7684\u60f3\u6cd5\u8f49\u8b8a\u6210\u66f4\u5177\u885d\u64ca\u529b\u7684\u8996\u89ba\u6548\u679c\uff0c\u7d66\u89c0\u773e\u7559\u4e0b\u66f4\u70ba\u6301\u4e45\u7684\u5370\u8c61\u3002<\/p>\n","protected":false},"featured_media":10574,"template":"","meta":[],"product_brand":[],"product_cat":[31],"product_tag":[],"class_list":{"0":"post-9479","1":"product","2":"type-product","3":"status-publish","4":"has-post-thumbnail","6":"product_cat-idn","8":"first","9":"instock","10":"taxable","11":"shipping-taxable","12":"purchasable","13":"product-type-variable","14":"has-default-attributes"},"_links":{"self":[{"href":"https:\/\/shop.idnworld.com\/zh-hant\/wp-json\/wp\/v2\/product\/9479","targetHints":{"allow":["GET"]}}],"collection":[{"href":"https:\/\/shop.idnworld.com\/zh-hant\/wp-json\/wp\/v2\/product"}],"about":[{"href":"https:\/\/shop.idnworld.com\/zh-hant\/wp-json\/wp\/v2\/types\/product"}],"wp:featuredmedia":[{"embeddable":true,"href":"https:\/\/shop.idnworld.com\/zh-hant\/wp-json\/wp\/v2\/media\/10574"}],"wp:attachment":[{"href":"https:\/\/shop.idnworld.com\/zh-hant\/wp-json\/wp\/v2\/media?parent=9479"}],"wp:term":[{"taxonomy":"product_brand","embeddable":true,"href":"https:\/\/shop.idnworld.com\/zh-hant\/wp-json\/wp\/v2\/product_brand?post=9479"},{"taxonomy":"product_cat","embeddable":true,"href":"https:\/\/shop.idnworld.com\/zh-hant\/wp-json\/wp\/v2\/product_cat?post=9479"},{"taxonomy":"product_tag","embeddable":true,"href":"https:\/\/shop.idnworld.com\/zh-hant\/wp-json\/wp\/v2\/product_tag?post=9479"}],"curies":[{"name":"wp","href":"https:\/\/api.w.org\/{rel}","templated":true}]}}