{"id":8727,"date":"2022-07-25T12:36:15","date_gmt":"2022-07-25T04:36:15","guid":{"rendered":"https:\/\/shop.idnworld.com\/product\/v28n1"},"modified":"2025-04-26T01:10:38","modified_gmt":"2025-04-25T17:10:38","slug":"v28n1","status":"publish","type":"product","link":"https:\/\/shop.idnworld.com\/zh-hant\/product\/v28n1\/","title":{"rendered":"IdN v28n1\uff1a\u5716\u6a23\u8a2d\u8a08"},"content":{"rendered":"<p><strong>\u5716\u6a23\u8a2d\u8a08<\/strong><br \/>\n\u518d\u6df1\u5165\u8aaa\u4e00\u4e0b\u5716\u6848\u4e3b\u984c\uff0c\u770b\u770b\u81ea\u5df1\u5427 \u2014 \u4f60\u7a7f\u7684\u8863\u670d\u3001\u4f60\u62ce\u7684\u5305\u5305\u3001\u4f60\u7684\u5316\u599d\u54c1 \u2014 \u6240\u6709\u9019\u4e9b\u90fd\u5305\u542b\u4e00\u5b9a\u7684\u5716\u6848\u8981\u7d20\u3002\u4f60\u5c0d\u5468\u570d\u74b0\u5883\u7684\u95dc\u6ce8\u8d8a\u591a\uff0c\u6240\u63a5\u89f8\u5230\u7684\u4e8b\u7269\u8d8a\u591a\uff0c\u4f60\u5c31\u8d8a\u6709\u53ef\u80fd\u5c0d\u6211\u5011\u6bcf\u5929\u6240\u9047\u5230\u7684\u5716\u6848\u7684\u6578\u91cf\u611f\u5230\u9a5a\u8a1d\u3002<\/p>\n<p>\u9ad8\u7aef\u6642\u5c1a\u54c1\u724c\u4ee5\u5176\u540d\u5b57\u5b57\u6bcd\u7d44\u5408\u5716\u6848\u800c\u805e\u540d\uff0c\u9019\u662f\u4e00\u7a2e\u76f8\u7576\u7c21\u6f54\u7684\u5716\u6848\u5f62\u5f0f\uff0c\u5927\u591a\u53ea\u7531\u5169\u500b\u5143\u7d20\u7d44\u6210\uff0c\u4e00\u500blogo\u548c\u5404\u7a2e\u5f62\u72c0\u4e0d\u65b7\u91cd\u8907\u800c\u6210\u7684\u5716\u6848\uff0c\u5f80\u5f80\u6703\u767c\u5c55\u6210\u70ba\u54c1\u724c\u8b58\u5225\u7cfb\u7d71\u7684\u4e00\u90e8\u5206\u3002<\/p>\n<p>\u898f\u5f8b\u6027\u548c\u4e00\u81f4\u6027\u8b93\u5716\u6848\u8b8a\u5f97\u53ef\u4ee5\u9810\u6e2c\uff0c\u7136\u800c\u5716\u6848\u7684\u8da8\u52e2\u4f3c\u4e4e\u6b63\u5728\u9010\u6f38\u6f14\u8b8a\uff0c\u4e0d\u4f46\u6dfb\u52a0\u4e86\u8a31\u591a\u5143\u7d20\uff0c\u800c\u4e14\u8d8a\u4f86\u8d8a\u5c11\u6709\u8a2d\u8a08\u5b57\u6bcd\u7d44\u5408\u985e\u578b\u5716\u6848\u7684\u4e86\u3002<\/p>\n<p><strong>\u8a2d\u8a08\u55ae\u4f4d\uff1a<\/strong><br \/>\nAda Zieli\u0144ska | AguWu | Alexey Boychenko | Anna Gugutishvili | Antlii (Anatolii Babii) | Arthur-Louis Ignor\u00e9 | Artsy Kiddo | Asuka Watanabe | Carla Cabras Design | Catherine Pearson | Dialogue Design Studio | Est\u00fadio Da\u00f3 | Genis Carreras | Geraldine Karnadi | hup studio | In-House | Irene Demetri (Youandigraphics) | Iuliia Mazur (Softulka) | Ivan Kamzyst (Vanzyst) | Javier de Riba | Kenneth Kuh | L\u00e9o Alexandre | Long &#038; Short | Lorena G | Maud Vantours | Mehman Mammadov | Mohamed Samir | Monga Design | Muti | Nick Barclay Designs | Okuda San Miguel | Rachit (Designerachit) | Ray Dak Lam | Rick Jordens | Tanja Hildebrandt | Team Thursday | Vratislav Pecka (PosterLad) | Wade and Leta | Zekia Studio (Gowshika Ravi)<\/p>\n<p><strong>\u660e\u7d30\uff1a<\/strong><br \/>\n160p + 8p cover<br \/>\n160mm\uff08w\uff09x 230mm\uff08h\uff09<br \/>\n4 varying paper stocks<br \/>\n4C process + matt lamination<br \/>\nISSN\uff08\u570b\u969b\u82f1\u6587\u7248\uff09\uff1a1029 4805<br \/>\nISSN\uff08\u7e41\u9ad4\u4e2d\u6587\u7248\uff09\uff1a1029 4813<\/p>\n","protected":false},"excerpt":{"rendered":"<p><strong>\u4e00\u76f4\u6301\u7e8c\u4e0d\u61c8\uff01<\/strong><br \/>\n\u898f\u5f8b\u548c\u4e00\u81f4\u6027\u662f\u6240\u6709\u5716\u6848\u8a2d\u8a08\u7684\u6c7a\u5b9a\u6027\u56e0\u7d20\u3002\u6211\u5011\u7684\u4e16\u754c\u5145\u6eff\u4e86\u5404\u5f0f\u5404\u6a23\u7684\u5716\u6848\uff1a\u4f60\u53ef\u4ee5\u5728\u5927\u81ea\u7136\u4e2d\u627e\u5230\u5b83\u5011\uff0c\u5305\u62ec\u5c0d\u7a31\u3001\u6a39\u6728\u53ca\u5176\u4ed6\u64c1\u6709\u5206\u5f62\u5716\u6848\u7684\u7d50\u69cb\uff0c\u9084\u6709\u87ba\u65cb\u3001\u66f2\u6298\u3001\u6ce2\u6d6a\u3001\u6ce1\u6cab\u3001\u74f7\u78da\u3001\u88c2\u7e2b\u548c\u689d\u7d0b\u3002<\/p>\n<p>\u672c\u671f\u96dc\u8a8c\u6211\u5011\u7cbe\u6311\u7d30\u9078\u4e8639\u4f4d\u5716\u6848\u8a2d\u8a08\u5927\u5e2b\u3002\u5118\u7ba1\u4ed6\u5011\u90fd\u6709\u5404\u81ea\u7684\u8a2d\u8a08\u65b9\u6cd5\u548c\u57f7\u884c\u65b9\u6848\uff0c\u4f46\u5c0d\u65bc\u5982\u4f55\u5275\u5efa\u512a\u79c0\u7684\u5716\u6848\uff0c\u4ed6\u5011\u90fd\u6709\u8457\u76f8\u4f3c\u7684\u770b\u6cd5\u3002\u9996\u5148\u5438\u5f15\u773c\u7403\u662f\u5fc5\u9700\u7684\u3002\u96d6\u7136\u6bcf\u4ef6\u4f5c\u54c1\u90fd\u53cd\u6620\u4e86\u5275\u4f5c\u8005\u7684\u500b\u4eba\u98a8\u683c\uff0c\u4f46\u548c\u8ae7\u7684\u69cb\u5716\u662f\u5927\u591a\u6578\u4eba\u7684\u5171\u540c\u4e4b\u8655\u3002\u6700\u91cd\u8981\u7684\u662f\uff0c\u9019\u500b\u5716\u6848\u61c9\u8a72\u9069\u7528\u65bc\u5404\u7a2e\u5a92\u9ad4\uff0c\u5176\u4e2d\u4e00\u4e9b\u662f\u4f5c\u70ba\u6574\u9ad4\u8b58\u5225\u7cfb\u7d71\u7684\u4e00\u90e8\u5206\u958b\u767c\u7684\u3002\u6211\u5011\u9080\u8acb\u9019\u4e9b\u5275\u610f\u4eba\u58eb\u5206\u4eab\u4ed6\u5011\u5c0d\u672a\u4f86\u5716\u6848\u8a2d\u8a08\u8da8\u52e2\u7684\u770b\u6cd5\u3002<\/p>\n","protected":false},"featured_media":10769,"template":"","meta":[],"product_brand":[],"product_cat":[31],"product_tag":[],"class_list":{"0":"post-8727","1":"product","2":"type-product","3":"status-publish","4":"has-post-thumbnail","6":"product_cat-idn","8":"first","9":"instock","10":"taxable","11":"shipping-taxable","12":"purchasable","13":"product-type-variable","14":"has-default-attributes"},"_links":{"self":[{"href":"https:\/\/shop.idnworld.com\/zh-hant\/wp-json\/wp\/v2\/product\/8727","targetHints":{"allow":["GET"]}}],"collection":[{"href":"https:\/\/shop.idnworld.com\/zh-hant\/wp-json\/wp\/v2\/product"}],"about":[{"href":"https:\/\/shop.idnworld.com\/zh-hant\/wp-json\/wp\/v2\/types\/product"}],"wp:featuredmedia":[{"embeddable":true,"href":"https:\/\/shop.idnworld.com\/zh-hant\/wp-json\/wp\/v2\/media\/10769"}],"wp:attachment":[{"href":"https:\/\/shop.idnworld.com\/zh-hant\/wp-json\/wp\/v2\/media?parent=8727"}],"wp:term":[{"taxonomy":"product_brand","embeddable":true,"href":"https:\/\/shop.idnworld.com\/zh-hant\/wp-json\/wp\/v2\/product_brand?post=8727"},{"taxonomy":"product_cat","embeddable":true,"href":"https:\/\/shop.idnworld.com\/zh-hant\/wp-json\/wp\/v2\/product_cat?post=8727"},{"taxonomy":"product_tag","embeddable":true,"href":"https:\/\/shop.idnworld.com\/zh-hant\/wp-json\/wp\/v2\/product_tag?post=8727"}],"curies":[{"name":"wp","href":"https:\/\/api.w.org\/{rel}","templated":true}]}}