{"id":8334,"date":"2021-10-26T18:36:59","date_gmt":"2021-10-26T10:36:59","guid":{"rendered":"https:\/\/shop.idnworld.com\/product\/v27n3"},"modified":"2025-04-26T02:01:58","modified_gmt":"2025-04-25T18:01:58","slug":"v27n3","status":"publish","type":"product","link":"https:\/\/shop.idnworld.com\/zh-hant\/product\/v27n3\/","title":{"rendered":"IdN v27n3\uff1a\u624b\u5de5\u85dd\u5370\u5237"},"content":{"rendered":"<p><strong>\u624b\u5de5\u85dd\u5370\u5237<\/strong><br \/>\n\u5118\u7ba1\u6709\u4e9b\u4eba\u53ef\u80fd\u6703\u628a\u624b\u5de5\u85dd\u5370\u5237\u6280\u8853\u7a31\u70ba\u300c\u5fa9\u53e4\u300d\uff0c\u4f46\u4e0d\u53ef\u5426\u8a8d\u7684\u662f\uff0c\u5b83\u5011\u70ba\u6700\u7d42\u7522\u54c1\u589e\u52a0\u4e86\u984d\u5916\u50f9\u503c\u3002\u9019\u4e9b\u50f9\u503c\u6c92\u6709\u4e00\u7a2e\u662f\u80fd\u5920\u50c5\u6191\u96fb\u8166\u5be6\u73fe\u7684\u3002\u6240\u4ee5\u9996\u5148\u4f60\u5fc5\u9808\u5275\u5efa\u4e00\u500b\u4f60\u60f3\u8981\u61c9\u7528\u7684\u5716\u5f62\u6a21\u5f0f\u3002<\/p>\n<p>\u4ee5\u7d72\u7db2\u5370\u5237\u70ba\u4f8b\u3002\u5b83\u985e\u4f3c\u65bc\u6a21\u7248\u5370\u5237\uff1a\u7d72\u7db2\u662f\u7531\u4e00\u5f35\u7db2\u773c\u7e54\u7269\u62c9\u4f38\u958b\u3001\u7e43\u5728\u7db2\u6846\u4e0a\u69cb\u6210\u7684\u3002\u4f60\u9996\u5148\u9700\u8981\u5728\u7d72\u7db2\u4e0a\u88fd\u4f5c\u5716\u50cf\u6216\u6587\u672c\uff0c\u7136\u5f8c\u628a\u5b83\u653e\u5728\u4f60\u60f3\u8981\u641e\u5275\u4f5c\u7684\u6750\u6599\u4e0a\uff0c\u7d19\u5f35\u3001\u5e03\u6599\u3001\u57fa\u672c\u4e0a\u4efb\u4f55\u5e73\u9762\u90fd\u53ef\u4ee5\u3002\u7136\u5f8c\u7528\u6a61\u76ae\u522e\u677f\u5c07\u6cb9\u58a8\u901a\u904e\u7db2\u5b54\u64e0\u58d3\u5230\u627f\u5370\u7269\u4e0a\u3002<\/p>\n<p>\u5728\u9019\u4e00\u671f\u4e2d\uff0c\u6211\u5011\u9080\u8acb\u4e8632\u5bb6\u5275\u610f\u5de5\u4f5c\u5ba4\u6216\u516c\u53f8\uff0c\u4ed6\u5011\u90fd\u662f\u7279\u7a2e\u5370\u5237\u65b9\u9762\u7684\u5c08\u5bb6\uff0c\u4e0d\u4f46\u8207\u6211\u5011\u5206\u4eab\u4e86\u4ed6\u5011\u6700\u71b1\u611b\u7684\u4e8b\u696d\uff0c\u4e5f\u8ac7\u5230\u4e86\u4ed6\u5011\u9762\u81e8\u7684\u6311\u6230\u3002<\/p>\n<p><strong>\u8a2d\u8a08\u55ae\u4f4d\uff1a<\/strong><br \/>\nAland | Anna Lindner | Annabel Lin &#038; Chin Wen Hsu | Flowing Design | Forth + Back (Nikolos Killian &#038; Tanner Woodbury) | Ge\u00ecza Barbosa | Guayabo | How To Ink | Human | In\u00eas Fonseca (Kiddo Creative) | Isaac LeFever | Jessica Frascht | Jiang Hong\u2212Da (Hong Da Design) | Kadir \u00c7\u0131tak | Katerina Voronina | Kemalcan Ba\u015faran | Little Giant (Matt Fletcher) | Lorenzo Gaggiotti (Stockholm17 Playing Cards) | M22 Creative | Marka Collective | Mr Cup Studio (Fabien Barral) | Natalya Balnova | Nate Azark (12Line &#038; Grass Fed Studio) | Nick Liefhebber | Nini Sum | Passport | Pu\u00f1alada | Rafael Neder | Regio (Sergio Aristizabal &#038; Ana Varela) | Studio Hoekhuis (Ivo van de Grift) | The Archivist | tind<\/p>\n<p><strong>\u660e\u7d30\uff1a<\/strong><br \/>\n160p + 8p cover<br \/>\n160mm\uff08w\uff09x 230mm\uff08h\uff09<br \/>\n4 varying paper stocks<br \/>\n4C process + matt lamination<br \/>\nISSN\uff08\u570b\u969b\u82f1\u6587\u7248\uff09\uff1a1029 4805<br \/>\nISSN\uff08\u7e41\u9ad4\u4e2d\u6587\u7248\uff09\uff1a1029 4813<\/p>\n","protected":false},"excerpt":{"rendered":"<p><strong>\u662f\u6642\u5019\u52d5\u624b\u4e86\uff01<\/strong><br \/>\n\u5982\u4eca\uff0c\u6211\u5011\u90fd\u6709\u5e78\u751f\u6d3b\u5728\u9019\u6a23\u4e00\u500b\u4e16\u754c\u88e1\uff1a\u53ea\u8981\u5728\u96fb\u8166\u4e0a\u8f15\u9ede\u4e00\u4e0b\uff0c\u5e7e\u4e4e\u5c31\u80fd\u5f97\u5230\u4efb\u4f55\u6771\u897f\u3002\u4f46\u662f\uff0c\u7576\u6211\u5011\u7e31\u5bb9\u81ea\u5df1\u4eab\u7528\u9019\u7a2e\u6975\u7aef\u7684\u4fbf\u5229\u6642\uff0c\u5b83\u6301\u7e8c\u7684\u6642\u9593\u8d8a\u9577\uff0c\u5c31\u8d8a\u6703\u6fc0\u767c\u5c0d\u65bc\u5be6\u969b\u63a5\u89f8\u7684\u6e34\u6c42\u3002\u9019\u53ef\u80fd\u5c31\u662f\u5831\u7d19\u3001\u66f8\u7c4d\u3001\u6d77\u5831\u7b49\u5370\u5237\u54c1\u4ecd\u7136\u5b58\u5728\u7684\u539f\u56e0\u3002<\/p>\n<p>\u7279\u5225\u662f\u5e74\u8f15\u4e00\u4ee3\u53ef\u80fd\u7121\u6cd5\u60f3\u50cf\u4e00\u500b\u6c92\u6709\u4e92\u806f\u7db2\u7684\u4e16\u754c\u3002\u5c0d\u4ed6\u5011\u4f86\u8aaa\uff0c\u90a3\u5c31\u76f8\u7576\u65bc\u77f3\u5668\u6642\u4ee3\u3002\u4f46\u662f\uff0c\u7269\u6975\u5fc5\u53cd\u3002\u9019\u5c31\u662f\u773c\u4e0b\u6b63\u5728\u767c\u751f\u7684\u4e8b\u60c5\u3002\u8a2d\u8a08\u5e2b\u5011\u958b\u59cb\u96e2\u958b\u4ed6\u5011\u7684\u8212\u9069\u5340\uff0c\u9010\u6b65\u653e\u68c4\u96fb\u8166\uff0c\u958b\u59cb\u4e86\u624b\u5de5\u5275\u4f5c\u3002<\/p>\n","protected":false},"featured_media":10838,"template":"","meta":[],"product_brand":[],"product_cat":[31],"product_tag":[],"class_list":{"0":"post-8334","1":"product","2":"type-product","3":"status-publish","4":"has-post-thumbnail","6":"product_cat-idn","8":"first","9":"instock","10":"taxable","11":"shipping-taxable","12":"purchasable","13":"product-type-variable","14":"has-default-attributes"},"_links":{"self":[{"href":"https:\/\/shop.idnworld.com\/zh-hant\/wp-json\/wp\/v2\/product\/8334","targetHints":{"allow":["GET"]}}],"collection":[{"href":"https:\/\/shop.idnworld.com\/zh-hant\/wp-json\/wp\/v2\/product"}],"about":[{"href":"https:\/\/shop.idnworld.com\/zh-hant\/wp-json\/wp\/v2\/types\/product"}],"wp:featuredmedia":[{"embeddable":true,"href":"https:\/\/shop.idnworld.com\/zh-hant\/wp-json\/wp\/v2\/media\/10838"}],"wp:attachment":[{"href":"https:\/\/shop.idnworld.com\/zh-hant\/wp-json\/wp\/v2\/media?parent=8334"}],"wp:term":[{"taxonomy":"product_brand","embeddable":true,"href":"https:\/\/shop.idnworld.com\/zh-hant\/wp-json\/wp\/v2\/product_brand?post=8334"},{"taxonomy":"product_cat","embeddable":true,"href":"https:\/\/shop.idnworld.com\/zh-hant\/wp-json\/wp\/v2\/product_cat?post=8334"},{"taxonomy":"product_tag","embeddable":true,"href":"https:\/\/shop.idnworld.com\/zh-hant\/wp-json\/wp\/v2\/product_tag?post=8334"}],"curies":[{"name":"wp","href":"https:\/\/api.w.org\/{rel}","templated":true}]}}