{"id":8145,"date":"2021-07-15T19:05:23","date_gmt":"2021-07-15T11:05:23","guid":{"rendered":"https:\/\/shop.idnworld.com\/product\/v27n2"},"modified":"2025-04-26T02:07:18","modified_gmt":"2025-04-25T18:07:18","slug":"v27n2","status":"publish","type":"product","link":"https:\/\/shop.idnworld.com\/zh-hant\/product\/v27n2\/","title":{"rendered":"IdN v27n2\uff1a\u5305\u88dd\u8a2d\u8a08"},"content":{"rendered":"<p><strong>\u5305\u88dd\u8a2d\u8a08<\/strong><br \/>\n\u512a\u79c0\u7684\u5305\u88dd\u8a2d\u8a08\u61c9\u7576\u53ef\u4ee5\u8d77\u5230\u5bb9\u7d0d\u3001\u4fdd\u8b77\u3001\u4fdd\u5b58\u3001\u904b\u8f38\u548c\u544a\u77e5\u7684\u4f5c\u7528\u3002\u4f46\u7576\u7522\u54c1\u8207\u98df\u54c1\u76f8\u95dc\u6642\uff0c\u4e0a\u8ff0\u7684\u6700\u5f8c\u4e00\u500b\u5c6c\u6027\u6700\u91cd\u8981\u3002\u60f3\u60f3\u6240\u6709\u53ef\u80fd\u5f15\u767c\u904e\u654f\u7684\u6210\u5206 \u2014 \u4f8b\u5982\u5c0f\u9ea5\u3001\u82b1\u751f\u6216\u725b\u5976\u3002\u5982\u679c\u9019\u985e\u8cc7\u8a0a\u7f3a\u5931\uff0c\u6216\u5b58\u5728\u8b93\u4eba\u7522\u751f\u8aa4\u89e3\u7684\u53ef\u80fd\u6027\uff0c\u90a3\u9ebc\u5f8c\u679c\u5c07\u662f\u81f4\u547d\u7684\u3002<\/p>\n<p>\u9019\u500b\u6311\u6230\u672c\u8cea\u4e0a\u662f\u898f\u6a21\u7684\u554f\u984c\u3002\u5982\u4f55\u5c07\u6240\u6709\u91cd\u8981\u8cc7\u8a0a\u4ee5\u5438\u5f15\u4eba\u7684\u683c\u5f0f\u5448\u73fe\uff1f\u9019\u4e9b\u8cc7\u8a0a\u5305\u62ec\u4f7f\u7528\u8aaa\u660e\u3001\u8b66\u544a\u8cc7\u8a0a\u53ca\u7d22\u53d6\u5730\u9ede\u67e5\u8a62\u7b49\u66f4\u591a\u8cc7\u6599\u7684\u6307\u793a\u3002\u6240\u6709\u9019\u4e9b\u65b9\u9762\u90fd\u6703\u5c0d\u5ba2\u6236\u3001\u88fd\u9020\u5546\u3001\u5ee3\u544a\u5546\u548c\u92b7\u552e\u4eba\u54e1\u7522\u751f\u91cd\u5927\u7684\u5f71\u97ff\u3002<\/p>\n<p><strong>\u8a2d\u8a08\u55ae\u4f4d\uff1a<\/strong><br \/>\nAAOO Studio | Arithmetic | Auge Design | B&#038;W Graphic Lab | Backbone Branding | Bo\u00e9r Sebesty\u00e9n | Bratus | Butterfly Cannon | By-Enjoy Design | Choice Studio | Commersart Studio | Dang Vo | Emi Renzi | Felipe Holman | HEAZ | Irene Arteaga S\u00e1enz | Javier Gardu\u00f1o Estudio de Dise\u00f1o | Jonna Breitenhuber | Junglegym Studio | K9 Design | Kate Zakharova | Kij Studio | Kowaleski &#038; Co. | Kris Nguyen | Lavernia &#038; Cienfuegos | LG Household &#038; Health Care | Lung-Hao Chiang | Man Wai Wong | MC Brand | Michael Moodie | Milica Pantelic | minimalist | Nero Atelier | Nicelab Studio | Olga Takhtarova | Pata Studio | Petra Pilb\u00e1k | Pl\u00e1cida | REDesign | Riki | Sentian Dazi | Serious Studio | Stef Hamerlinck | Studio leM | Supernova Design Inc. (Shaivalini Kumar) | Szymon Fischer | TSUBAKI KL | Vighnesh Dudani | Xiangaopeng | Yuta Takahashi Design Studio Co.<\/p>\n<p><strong>\u660e\u7d30\uff1a<\/strong><br \/>\n160p + 8p cover<br \/>\n160mm (w) x 230mm (h)<br \/>\n4 varying paper stocks<br \/>\n4C process + matt lamination<br \/>\nISSN\uff08\u570b\u969b\u82f1\u6587\u7248\uff09\uff1a1029 4805<br \/>\nISSN\uff08\u7e41\u9ad4\u4e2d\u6587\u7248\uff09\uff1a1029 4813<\/p>\n","protected":false},"excerpt":{"rendered":"<p><strong>\u91cd\u62f3\u51fa\u64ca<\/strong><br \/>\n\u6210\u529f\u7684\u5305\u88dd\u8a2d\u8a08\u5c0d\u5e73\u9762\u8a2d\u8a08\u5e2b\u4f86\u8aaa\u662f\u4e00\u500b\u5de8\u5927\u7684\u6311\u6230\u3002\u4ed6\u5011\u5fc5\u9808\u812b\u96e2\u8212\u9069\u7684\u5e73\u9762\u8a2d\u8a08\u5e73\u81fa\uff0c\u9032\u5165\u4e00\u500b\u5145\u6eff\u5404\u7a2e\u4e0d\u540c\u6750\u6599\u7684\u73fe\u5be6\u4e16\u754c\u3002\u89f8\u611f\u7a81\u7136\u8b8a\u6210\u4e86\u4e00\u500b\u91cd\u8981\u7684\u8ce3\u9ede\u3002\u5305\u88dd\u7684\u5927\u5c0f\u7576\u7136\u6703\u9650\u5236\u5275\u610f\uff0c\u56e0\u70ba\u6240\u4f7f\u7528\u7684\u6750\u6599\u65e2\u8981\u4fdd\u8b77\u7522\u54c1\uff0c\u53c8\u8981\u5438\u5f15\u6d88\u8cbb\u8005\u8cfc\u8cb7\u5b83\u3002\u6240\u4ee5\u8a2d\u8a08\u8005\u5fc5\u9808\u627e\u5230\u5176\u4e2d\u5fae\u5999\u7684\u5e73\u8861\u3002<\/p>\n<p>\u5728\u9019\u4e00\u671f\u4e2d\uff0c\u6211\u5011\u96c6\u5408\u4e8650\u4f4d\u9858\u610f\u8207\u6211\u5011\u5206\u4eab\u4e00\u4e9b\u5305\u88dd\u8a2d\u8a08\u6280\u5de7\u548c\u7d93\u9a57\u7684\u5275\u610f\u4eba\u58eb\u3002\u7576\u4ed6\u5011\u5f97\u5230\u9080\u8acb\u4f86\u9810\u6e2c\u5305\u88dd\u8a2d\u8a08\u7684\u672a\u4f86\u8da8\u52e2\u6642\uff0c\u50cf\u300c\u53ef\u6301\u7e8c\u300d\u548c\u300c\u74b0\u5883\u300d\u9019\u6a23\u7684\u8a5e\u7d93\u5e38\u51fa\u73fe\u3002\u90a3\u9ebc\uff0c\u9019\u5c31\u662f\u65b0\u7684\u6311\u6230\u4e86\uff1a\u5982\u4f55\u5275\u9020\u74b0\u4fdd\u5305\u88dd\uff1f<\/p>\n","protected":false},"featured_media":10872,"template":"","meta":[],"product_brand":[],"product_cat":[31],"product_tag":[],"class_list":{"0":"post-8145","1":"product","2":"type-product","3":"status-publish","4":"has-post-thumbnail","6":"product_cat-idn","8":"first","9":"instock","10":"taxable","11":"shipping-taxable","12":"purchasable","13":"product-type-variable","14":"has-default-attributes"},"_links":{"self":[{"href":"https:\/\/shop.idnworld.com\/zh-hant\/wp-json\/wp\/v2\/product\/8145","targetHints":{"allow":["GET"]}}],"collection":[{"href":"https:\/\/shop.idnworld.com\/zh-hant\/wp-json\/wp\/v2\/product"}],"about":[{"href":"https:\/\/shop.idnworld.com\/zh-hant\/wp-json\/wp\/v2\/types\/product"}],"wp:featuredmedia":[{"embeddable":true,"href":"https:\/\/shop.idnworld.com\/zh-hant\/wp-json\/wp\/v2\/media\/10872"}],"wp:attachment":[{"href":"https:\/\/shop.idnworld.com\/zh-hant\/wp-json\/wp\/v2\/media?parent=8145"}],"wp:term":[{"taxonomy":"product_brand","embeddable":true,"href":"https:\/\/shop.idnworld.com\/zh-hant\/wp-json\/wp\/v2\/product_brand?post=8145"},{"taxonomy":"product_cat","embeddable":true,"href":"https:\/\/shop.idnworld.com\/zh-hant\/wp-json\/wp\/v2\/product_cat?post=8145"},{"taxonomy":"product_tag","embeddable":true,"href":"https:\/\/shop.idnworld.com\/zh-hant\/wp-json\/wp\/v2\/product_tag?post=8145"}],"curies":[{"name":"wp","href":"https:\/\/api.w.org\/{rel}","templated":true}]}}