{"id":6842,"date":"2019-12-06T17:35:22","date_gmt":"2019-12-06T09:35:22","guid":{"rendered":"https:\/\/shop.idnworld.com\/product\/v25n6"},"modified":"2025-04-29T17:45:04","modified_gmt":"2025-04-29T09:45:04","slug":"v25n6","status":"publish","type":"product","link":"https:\/\/shop.idnworld.com\/zh-hant\/product\/v25n6\/","title":{"rendered":"IdN v25n6\uff1a\u97f3\u6a02\u8a2d\u8a08"},"content":{"rendered":"<p><strong>\u97f3\u6a02\u8a2d\u8a08<\/strong><br \/>\n\u591a\u5e74\u4ee5\u4f86\uff0c\u6211\u5011\u6d88\u8cbb\u97f3\u6a02\u7684\u7269\u8cea\u5f62\u614b\u767c\u751f\u4e86\u6839\u672c\u6027\u7684\u8b8a\u5316\u300220\u4e16\u7d0050\u5e74\u4ee3\uff0c\u5bc6\u7d0b\u9ed1\u81a0\u5531\u7247\u70ba\u5c01\u9762\u85dd\u8853\u5bb6\u63d0\u4f9b\u4e86\u5ee3\u95ca\u7684\u5275\u4f5c\u7a7a\u9593\uff0c\u5230\u4e8620\u4e16\u7d0080\u5e74\u4ee3\uff0c\u76d2\u5f0f\u9304\u97f3\u5e36\u5c01\u9762\u4e0a\u7684\u53ef\u7528\u7a7a\u9593\u7e2e\u6e1b\u4e86\uff0c\u518d\u52301982\u5e74\u63a8\u51fa\u7684CD\uff0c\u4e5f\u53ea\u662f\u63d0\u4f9b\u4e86\u7a0d\u5927\u4e00\u9ede\u7684\u7a7a\u9593\uff0c\u7e3d\u7684\u4f86\u8aaa\uff0c\u8a2d\u8a08\u5e2b\u7684\u8a2d\u8a08\u7a7a\u9593\u9010\u6f38\u88ab\u58d3\u69a8\u5f97\u6240\u5269\u7121\u5e7e\u3002\u5982\u4eca\uff0c\u96a8\u8457\u667a\u6167\u624b\u6a5f\u548c\u5176\u4ed6\u96fb\u5b50\u5e73\u81fa\u7684\u51fa\u73fe\uff0c\u5c01\u9762\u8a2d\u8a08\u5e2b\u6b63\u88ab\u5b8c\u5168\u64e0\u51fa\u5e02\u5834\u3002<\/p>\n<p>\u5118\u7ba1\u5982\u6b64\uff0c\u7279\u5225\u662f\u96a8\u8457\u50b3\u7d71LP\u518d\u6b21\u53d7\u5230\u5927\u773e\u7684\u6b61\u8fce\uff0c\u8a2d\u8a08\u5e2b\u5011\u5728\u5c01\u9762\u8a2d\u8a08\u4e0a\u4ecd\u6709\u767c\u63ee\u60f3\u50cf\u529b\u7684\u7a7a\u9593\u3002\u5982\u4f55\u8655\u7406\u9019\u985e\u8a2d\u8a08\uff1f\u97f3\u6a02\u5bb6\u5011\u60f3\u8981\u50b3\u9054\u4ec0\u9ebc\u8cc7\u8a0a\uff1f\u600e\u9ebc\u8a6e\u91cb\u9019\u4e9b\u8cc7\u8a0a\uff1f\u8207\u5275\u4f5c\u8005\u4ea4\u8ac7\u662f\u975e\u5e38\u6709\u7528\u7684\uff0c\u4f46\u6700\u91cd\u8981\u7684\u662f\uff0c\u8981\u5927\u91cf\u5730\u807d\u5531\u7247\u672c\u8eab\u3002\u5f9e\u6211\u5011\u672c\u671f\u53c3\u8207\u8a2d\u8a08\u5e2b\u7684\u56de\u7b54\u4e2d\u53ef\u4ee5\u770b\u51fa\u9019\u4e00\u9ede\uff0c\u5728\u7406\u60f3\u7684\u7f8e\u8853\u8a2d\u8a08\u5f62\u8c61\u6216\u60f3\u6cd5\u7a81\u7136\u6d6e\u73fe\u5728\u4ed6\u5011\u8166\u6d77\u4e2d\u4e4b\u524d\uff0c\u4e0d\u65b7\u53cd\u5fa9\u64ad\u653e\u97f3\u6a02\u662f\u5f88\u6709\u5fc5\u8981\u7684\u3002<\/p>\n<p><strong>\u8a2d\u8a08\u55ae\u4f4d\uff1a<\/strong><br \/>\n2TIGERS Design Studio | Afonso de Lima | Alessandro Pautasso | Andrea Bianchi | Anna Katrin Karlsson | Attico36 | Basora | BEND | Beppe Conti | Brownfox Studio | Carlos Bauer | Carosello Lab | Chen Jun Xian | creanet | Davy Evans | Diego Ben\u00edtez | Dmitry Ligay | Fanakalo | Fanny Papay | Gunter Piekarski | Hugo Jourdan | Ian Frederick | Jimmy Turrell | JMW Studio | JoeFangStudio | Jonathan Ogden | Jorge Guti\u00e9rrez | Joseph Veazey | Julius Manalo | Karolina Pietrzyk | Ke To | Kom Tillbaka | Lars H\u00f6gstr\u00f6m | Lauryna Narkeviciute | Luke Brown | MamboMambo | Marco D\u2019Aleo | Max Lippolis | Michael Cina | mililitros | Ofelia Ojeda | Onion Design Associates | Orange Chan Design | Passport | Pavel Fuksa | Pragun Agarwal | Predrag Markovic | Quim Marin | Rhuan Santos | Richard Robinson | Roc\u00edo Fern\u00e1ndez Fuks | Secret Creative Org. | Simon Lemmerer &#038; Stefan Leitner | SMAY Design | studio another day | Studio Jack Crossing | Thomas Conroix | Trevor Jackson | Thomas Neulinger | Tyler Stout | Vanessa Lenka Katyi-Narr | Vir\u00e1g Sz\u00f6r\u00e9nyi<\/p>\n<p><strong>\u660e\u7d30\uff1a<\/strong><br \/>\n160p + 8p cover<br \/>\n160mm (w) x 230mm (h)<br \/>\n4 varying paper stocks<br \/>\n4C process + matt lamination<br \/>\nISSN\uff08\u570b\u969b\u82f1\u6587\u7248\uff09\uff1a1029 4805<br \/>\nISSN\uff08\u7e41\u9ad4\u4e2d\u6587\u7248\uff09\uff1a1029 4813<\/p>\n","protected":false},"excerpt":{"rendered":"<p><strong>\u97f3\u6a02\uff1a\u4f9d\u820a\u9707\u64bc\u8a2d\u9818\u57df<\/strong><br \/>\n\u97f3\u6a02\u7684\u529b\u91cf\u5728\u65bc\uff0c\u5b83\u80fd\u628a\u4f86\u81ea\u4e0d\u540c\u751f\u6d3b\u74b0\u5883\u3001\u63a5\u53d7\u6559\u80b2\u7a0b\u5ea6\u5404\u4e0d\u76f8\u540c\u7684\u4eba\uff0c\u751a\u81f3\u662f\u8aaa\u4e0d\u540c\u8a9e\u8a00\u7684\u4eba\u5718\u7d50\u8d77\u4f86\u3002\u96d6\u7136\u5c0d\u65bc\u6240\u807d\u5230\u7684\u6b4c\u66f2\uff0c\u807d\u773e\u53ef\u80fd\u4e00\u500b\u8a5e\u4e5f\u807d\u4e0d\u61c2\uff0c\u4f46\u4ed6\u5011\u4ecd\u7136\u53ef\u4ee5\u70ba\u5b83\u6240\u611f\u52d5\u3002\u4eba\u5011\u7684\u60c5\u7dd2\u6703\u88ab\u5f15\u71c3\uff0c\u4e00\u4e9b\u4eba\u751a\u81f3\u56e0\u6b64\u53bb\u5b78\u7fd2\u6b4c\u66f2\u4e2d\u7684\u8a9e\u8a00\uff0c\u9019\u6a23\u4ed6\u5011\u5c31\u80fd\u66f4\u597d\u5730\u7406\u89e3\u6b4c\u66f2\u60f3\u8981\u8868\u9054\u7684\u610f\u601d\u3002<\/p>\n<p>\u7136\u800c\uff0c\u5118\u7ba1\u97f3\u6a02\u5177\u6709\u5982\u6b64\u76f4\u63a5\u7684\u5f71\u97ff\u529b\u548c\u666e\u904d\u7684\u5438\u5f15\u529b\uff0c\u5b83\u9084\u662f\u53ef\u4ee5\u901a\u904e\u512a\u79c0\u8a2d\u8a08\u5e2b\u7684\u8a6e\u91cb\u5728\u8996\u89ba\u4e0a\u5f97\u5230\u9032\u4e00\u6b65\u63d0\u5347\u3002\u6bd4\u5982\uff0c\u4eba\u4eba\u90fd\u559c\u611bThe Beatles\u7684\u5c08\u8f2fSgt. Pepper\u2019s LonelyHearts Club Band\uff0c\u800c\u8ab0\u4e5f\u7121\u6cd5\u5426\u8a8d\uff0c\u9019\u5f35\u5c08\u8f2f\u7684\u6a19\u8a8c\u6027\u5c01\u9762\u66f4\u589e\u52a0\u4e86\u4ed6\u5011\u5c0d\u9019\u5f35\u5c08\u8f2f\u7684\u559c\u611b\u3002Peter Blake\u548cJann Haworth\u5c0d\u9019\u5f35\u958b\u62d3\u6027\u5c08\u8f2f\u5167\u5bb9\u7684\u89e3\u8b80\uff0c\u80af\u5b9a\u5c0d\u6240\u6709\u8cfc\u8cb7\u5b83\u7684\u4eba\u90fd\u7522\u751f\u4e86\u5fae\u5999\u7684\u5f71\u97ff\u3002<\/p>\n","protected":false},"featured_media":11141,"template":"","meta":[],"product_brand":[],"product_cat":[31],"product_tag":[],"class_list":{"0":"post-6842","1":"product","2":"type-product","3":"status-publish","4":"has-post-thumbnail","6":"product_cat-idn","8":"first","9":"instock","10":"taxable","11":"shipping-taxable","12":"purchasable","13":"product-type-variable","14":"has-default-attributes"},"_links":{"self":[{"href":"https:\/\/shop.idnworld.com\/zh-hant\/wp-json\/wp\/v2\/product\/6842","targetHints":{"allow":["GET"]}}],"collection":[{"href":"https:\/\/shop.idnworld.com\/zh-hant\/wp-json\/wp\/v2\/product"}],"about":[{"href":"https:\/\/shop.idnworld.com\/zh-hant\/wp-json\/wp\/v2\/types\/product"}],"wp:featuredmedia":[{"embeddable":true,"href":"https:\/\/shop.idnworld.com\/zh-hant\/wp-json\/wp\/v2\/media\/11141"}],"wp:attachment":[{"href":"https:\/\/shop.idnworld.com\/zh-hant\/wp-json\/wp\/v2\/media?parent=6842"}],"wp:term":[{"taxonomy":"product_brand","embeddable":true,"href":"https:\/\/shop.idnworld.com\/zh-hant\/wp-json\/wp\/v2\/product_brand?post=6842"},{"taxonomy":"product_cat","embeddable":true,"href":"https:\/\/shop.idnworld.com\/zh-hant\/wp-json\/wp\/v2\/product_cat?post=6842"},{"taxonomy":"product_tag","embeddable":true,"href":"https:\/\/shop.idnworld.com\/zh-hant\/wp-json\/wp\/v2\/product_tag?post=6842"}],"curies":[{"name":"wp","href":"https:\/\/api.w.org\/{rel}","templated":true}]}}