{"id":6097,"date":"2019-03-11T16:51:15","date_gmt":"2019-03-11T08:51:15","guid":{"rendered":"http:\/\/shop.idnworld.com\/product\/v25n3"},"modified":"2025-04-29T18:03:09","modified_gmt":"2025-04-29T10:03:09","slug":"v25n3","status":"publish","type":"product","link":"https:\/\/shop.idnworld.com\/zh-hant\/product\/v25n3\/","title":{"rendered":"IdN v25n3\uff1a\u5305\u88dd\u8a2d\u8a08"},"content":{"rendered":"<p><strong>\u5305\u88dd\u8a2d\u8a08<\/strong><br \/>\n\u5982\u679c\u4f60\u8a8d\u70ba\u5305\u88dd\u8a2d\u8a08\u7d14\u7cb9\u70ba\u4e86\u990a\u773c\uff0c\u53ea\u662f\u70ba\u4e86\u5118\u91cf\u5438\u5f15\u5927\u591a\u6578\u9867\u5ba2\u7684\u773c\u5149\u2026\u2026\u597d\u5427\uff0c\u9019\u6a23\u8aaa\u4e5f\u4e0d\u662f\u5b8c\u5168\u932f\u7684\u3002\u4f46\u662f\uff0c\u5305\u88dd\u8a2d\u8a08\u9060\u4e0d\u6b62\u65bc\u6b64\u3002\u5728\u7406\u60f3\u7684\u60c5\u6cc1\u4e0b\uff0c\u5b83\u61c9\u7576\u8d77\u5230\u300c\u5305\u542b\u3001\u4fdd\u8b77\u3001\u5b58\u653e\u3001\u904b\u8f38\u548c\u50b3\u9001\u8cc7\u8a0a\u300d\u7684\u4f5c\u7528\u3002\u9019\u4e9b\u76ee\u6a19\u90fd\u8981\u540c\u6a23\u5730\u5be6\u8e10\u3002<\/p>\n<p>\u5148\u62ff\u6700\u5f8c\u4e00\u9805\u529f\u80fd\u4f86\u8aaa\uff0c\u5305\u88dd\u9700\u8981\u986f\u793a\u7684\u8cc7\u8a0a\u5b8c\u5168\u53d6\u6c7a\u65bc\u5305\u88dd\u8a2d\u8a08\u7684\u5167\u5bb9\u3002\u4f8b\u5982\uff0c\u98df\u54c1\u8207\u85e5\u7269\u7684\u8cc7\u6599\u61c9\u7576\u8207\u50a2\u4ff1\u7522\u54c1\u7684\u5927\u4e0d\u76f8\u540c\u3002\u98df\u54c1\u7684\u914d\u6599\u3001\u71df\u990a\u50f9\u503c\u548c\u6709\u6548\u671f\u662f\u81f3\u95dc\u7dca\u8981\u7684\uff0c\u800c\u85e5\u54c1\u7684\u5305\u88dd\u8a2d\u8a08\u61c9\u7576\u8b93\u4eba\u77e5\u9053\u5b83\u80fd\u6cbb\u7642\u7684\u75c7\u72c0\u548c\u5efa\u8b70\u7528\u91cf\u3002<\/p>\n<p>\u6240\u4ee5\uff0c\u5728\u9032\u884c\u6bcf\u4e00\u500b\u5305\u88dd\u8a2d\u8a08\u9805\u76ee\u4e4b\u524d\uff0c\u751a\u81f3\u5728\u8003\u616e\u5f62\u72c0\u3001\u6750\u6599\u6216\u5370\u5237\u6280\u8853\u524d\uff0c\u5c31\u5fc5\u9808\u5c0d\u7522\u54c1\u7684\u5167\u5bb9\u9032\u884c\u5168\u9762\u8a8d\u8b58\u3002<\/p>\n<p><strong>\u8a2d\u8a08\u55ae\u4f4d\uff1a<\/strong><br \/>\n7428DesignStudio | A.P.Works | brand.new | Backbone Branding, Barcel\u00f3 Estudio | Brigita Burlingyte | Butcher &#038; Butcher | Caterina Bianchini Studio | Chen Zhi Liang | Cristina D\u00e9niz | Daria Dyachenko, End of Work, Enzed | Fagerstr\u00f6m | Foxtrot Studio | Gen Design Studio | Here Design | Interabang | Isabelle Boucher | Iconic Studio Ltd. | Jiyoun Kim Studio | Kazuha Otake | Kinoto Studio | Made Somewhere | Madeline Persson | Maja Szczypek | Markela Bgiala, Meng Zhang, Milica Tucakovi\u0107 | Monotypo Studio | Never-Never | nomo\u00aecreative | Onfire Design | p-d-p | Paperform\/Benja Harney | Pavla Chuykina | Pencil Studio | PS Design | Ralf Schr\u00f6der | Rosette Heights | Sasha Samsonova | Serious Studio | Studio Otwarte | Tan Li Xing | Tania Rayes | The Negra Visual Factory | Tiffany M. Wu | Volta Brand Shaping Studio | W\/H Design Studio<\/p>\n<p><strong>\u660e\u7d30\uff1a<\/strong><br \/>\n160p + 8p cover<br \/>\n160mm (w) x 230mm (h)<br \/>\n4 varying paper stocks<br \/>\n4C process + matt lamination<br \/>\nISSN\uff08\u570b\u969b\u82f1\u6587\u7248\uff09\uff1a1029 4805<br \/>\nISSN\uff08\u7e41\u9ad4\u4e2d\u6587\u7248\uff09\uff1a1029 4813<\/p>\n","protected":false},"excerpt":{"rendered":"<p><strong>\u610f\u5473\u6df1\u9577\u7684\u8a2d\u8a08<\/strong><br \/>\n\u5305\u88dd\u8a2d\u8a08\u7684\u53ef\u80fd\u6027\u592a\u591a\u4e86\uff0c\u5f9e\u4f7f\u7528\u4ec0\u9ebc\u914d\u8272\u65b9\u6848\uff0c\u5982\u4f55\u51f8\u986f\u54c1\u724c\u7684\u7279\u6027\uff0c\u4e26\u9032\u4e00\u6b65\u64f4\u5927\u5f71\u97ff\uff0c\u5230\u7528\u4ec0\u9ebc\u5716\u5f62\u624d\u80fd\u6700\u5927\u9650\u5ea6\u5730\u767c\u63ee\u5b83\u7684\u5438\u5f15\u529b\u3002\u63a5\u4e0b\u4f86\uff0c\u5b83\u61c9\u8a72\u662f\u4ec0\u9ebc\u5f62\u72c0\u7684\u5462\uff1f\u7368\u5275\u7684\u5916\u5f62\u53ef\u80fd\u8981\u8003\u616e\u82b1\u8cbb\u66f4\u591a\u6210\u672c\uff0c\u4f46\u53cd\u904e\u4f86\u770b\uff0c\u7269\u4ee5\u7a00\u70ba\u8cb4\uff0c\u9019\u6a23\u53ef\u4ee5\u63d0\u9ad8\u5ba2\u6236\u7684\u6ce8\u610f\u529b\u3002\u53e6\u5916\uff0c\u52a0\u5165\u4e00\u4e9b\u7279\u6b8a\u7684\u5370\u5237\u6280\u8853\uff0c\u5982\u6a21\u5207\uff0c\u589e\u52a0\u4e00\u5c64\u5305\u88dd\uff0c\u5728\u62c6\u7bb1\u904e\u7a0b\u4e2d\u71df\u9020\u4e00\u5b9a\u7a0b\u5ea6\u7684\u61f8\u5ff5\u3002<\/p>\n<p>\u5728\u4ee5\u4e0b\u7684\u5831\u5c0e\u4e2d\uff0c\u6211\u5011\u96c6\u9f4a\u4e8649\u4f4d\u5728\u5305\u88dd\u8a2d\u8a08\u4e0a\u4e0b\u904e\u5f88\u5927\u529f\u592b\u7684\u5275\u610f\u4eba\u58eb\u3002\u4ed6\u5011\u9047\u5230\u904e\u4e0a\u8ff0\u63d0\u53ca\u7684\u6240\u6709\u554f\u984c\uff0c\u4e5f\u514b\u670d\u4e86\u91cd\u91cd\u7684\u6311\u6230\uff0c\u4ed6\u5011\u5f88\u9ad8\u8208\u80fd\u901a\u904e\u5c55\u793a\u81ea\u5df1\u7684\u4f5c\u54c1\u548c\u60f3\u6cd5\uff0c\u4f86\u5206\u4eab\u4ed6\u4eec\u5728\u5275\u4f5c\u512a\u79c0\u5305\u88dd\u8a2d\u8a08\u65b9\u9762\u7684\u7d93\u9a57\u548c\u667a\u6167\u3002<\/p>\n","protected":false},"featured_media":11245,"template":"","meta":[],"product_brand":[],"product_cat":[31],"product_tag":[],"class_list":{"0":"post-6097","1":"product","2":"type-product","3":"status-publish","4":"has-post-thumbnail","6":"product_cat-idn","8":"first","9":"instock","10":"taxable","11":"shipping-taxable","12":"purchasable","13":"product-type-variable","14":"has-default-attributes"},"_links":{"self":[{"href":"https:\/\/shop.idnworld.com\/zh-hant\/wp-json\/wp\/v2\/product\/6097","targetHints":{"allow":["GET"]}}],"collection":[{"href":"https:\/\/shop.idnworld.com\/zh-hant\/wp-json\/wp\/v2\/product"}],"about":[{"href":"https:\/\/shop.idnworld.com\/zh-hant\/wp-json\/wp\/v2\/types\/product"}],"wp:featuredmedia":[{"embeddable":true,"href":"https:\/\/shop.idnworld.com\/zh-hant\/wp-json\/wp\/v2\/media\/11245"}],"wp:attachment":[{"href":"https:\/\/shop.idnworld.com\/zh-hant\/wp-json\/wp\/v2\/media?parent=6097"}],"wp:term":[{"taxonomy":"product_brand","embeddable":true,"href":"https:\/\/shop.idnworld.com\/zh-hant\/wp-json\/wp\/v2\/product_brand?post=6097"},{"taxonomy":"product_cat","embeddable":true,"href":"https:\/\/shop.idnworld.com\/zh-hant\/wp-json\/wp\/v2\/product_cat?post=6097"},{"taxonomy":"product_tag","embeddable":true,"href":"https:\/\/shop.idnworld.com\/zh-hant\/wp-json\/wp\/v2\/product_tag?post=6097"}],"curies":[{"name":"wp","href":"https:\/\/api.w.org\/{rel}","templated":true}]}}