{"id":5886,"date":"2018-12-19T15:47:44","date_gmt":"2018-12-19T07:47:44","guid":{"rendered":"http:\/\/shop.idnworld.com\/?post_type=product&#038;p=5886"},"modified":"2025-04-29T18:12:40","modified_gmt":"2025-04-29T10:12:40","slug":"v25n2","status":"publish","type":"product","link":"https:\/\/shop.idnworld.com\/zh-hant\/product\/v25n2\/","title":{"rendered":"IdN v25n2\uff1a\u5e74\u5831\u53ca\u5ba3\u50b3\u518a\u7b49\u8a2d\u8a08"},"content":{"rendered":"<p><strong>\u5e74\u5831\u53ca\u5ba3\u50b3\u518a\u7b49\u8a2d\u8a08<\/strong><br \/>\n\u5c31\u7522\u54c1\u5ba3\u50b3\u518a\u548c\u76ee\u9304\u7684\u8a2d\u8a08\u800c\u8a00\uff0c\u5b83\u5011\u7684\u4e3b\u8981\u76ee\u7684\u662f\u5438\u5f15\u6f5b\u5728\u5ba2\u6236\u6216\u5408\u4f5c\u516c\u53f8\uff0c\u5c0d\u4ed6\u5011\u4f86\u8aaa\uff0c\u5927\u91cf\u5373\u5c07\u63a8\u51fa\u7522\u54c1\u7684\u5716\u7247\u6210\u4e86\u4e00\u7a2e\u8a98\u60d1\u3002\u800c\u6587\u672c\u5247\u53d7\u5230\u4e86\u5927\u5c0f\u548c\u529f\u80fd\u7b49\u57fa\u672c\u8cc7\u8a0a\u7684\u9650\u5236\uff0c\u4ee5\u53ca\u523a\u6fc0\u92b7\u552e\uff0c\u5305\u62ec\u63d0\u5347\u516c\u53f8\u54c1\u724c\u5f62\u8c61\u7684\u5ba3\u50b3\u3002\u8a31\u591a\u8a2d\u8a08\u5e2b\u90fd\u767c\u73fe\uff0c\u7cbe\u5fc3\u8a2d\u8a08\u7684\u7d22\u5f15\u662f\u4e00\u7a2e\u66f4\u5be6\u7528\u7684\u65b9\u6cd5\uff0c\u800c\u4e0d\u662f\u5728\u9801\u9762\u4e2d\u80e1\u4e82\u5730\u6dfb\u52a0\u66f4\u591a\u7684\u63d2\u756b\u3002<\/p>\n<p>\u7121\u8ad6\u9700\u8981\u8a2d\u8a08\u54ea\u4e00\u7a2e\uff0c\u57fa\u672c\u7684\u8a2d\u8a08\u898f\u5247\u5728\u9019\u88e1\u90fd\u9069\u7528\u3002\u5728\u6c7a\u5b9a\u5982\u4f55\u8457\u624b\u4e4b\u524d\uff0c\u4ed4\u7d30\u7814\u7a76\u4e00\u4e0b\u6240\u6709\u8981\u4f7f\u7528\u7684\u6750\u6599\u662f\u6709\u5fc5\u8981\u7684\u3002\u9019\u6a23\u505a\u53ef\u80fd\u8981\u82b1\u8cbb\u66f4\u9577\u7684\u6642\u9593\u53bb\u5be9\u67e5\u8a2d\u8a08\u98a8\u683c\uff0c\u4e0d\u904e\u95dc\u6ce8\u7d30\u7bc0\u61c9\u8a72\u662f\u9996\u8981\u554f\u984c\u3002\u4e5f\u8a31\uff0c\u5728\u4f7f\u7528\u9019\u985e\u6750\u6599\u9032\u884c\u8a2d\u8a08\u7684\u904e\u7a0b\u4e2d\uff0c\u5728\u8a2d\u8a08\u6392\u7248\u7db2\u683c\u6642\u8981\u6bd4\u5e73\u6642\u66f4\u52a0\u5c0f\u5fc3\u7ffc\u7ffc\uff0c\u4f46\u662f\u53ea\u6709\u9019\u6a23\u8b80\u8005\u624d\u80fd\u5f97\u5230\u6700\u597d\u7684\u5f15\u5c0e\u548c\u6700\u4f73\u7684\u89c0\u8cde\u6548\u679c\u3002<\/p>\n<p><strong>\u8a2d\u8a08\u55ae\u4f4d\uff1a<\/strong><br \/>\n&#038;Larry | \u00c1kos Polg\u00e1rdi | Albert Ibanyez | Andr\u00e9s Guerrero | Aneta Lewandowska | Anne-C\u00e9cile Manfr\u00e9 | Anqi Li | Backbone Branding | Benson Design Co | blok design | Bravo | Brian Liu | Cacao Design | C\u00e9cile Dumetier | Dennis Ventrello | Dina&#038;Solomon | Ermolaev Bureau | Everyday Practice | Fable | Jake Lim | Jamie Bailey | Jesse Ellingson | Krishnapriya Dutta Gupta | Laura (Lin) van Dyk | Maria Rodriguez | Mayra Monobe | METAKLINIKA | Milena Savi\u0107 | moodley brand identity | MOOI DESIGN | Nonverbal Club | Grottangeles | PLUS X | Premise Design Communications Inc. | Ragne Balteskard | Sensus Design Factory | Serviceplan Campaign | Strategy Creative | Sven Zijderveld | TGIF | The 3rd Age | Total Design | UNKA\/Ven Klement | VXLAB | Wedge<\/p>\n<p><strong>\u660e\u7d30\uff1a<\/strong><br \/>\n160p + 8p cover<br \/>\n160mm (w) x 230mm (h)<br \/>\n4 varying paper stocks<br \/>\n4C process + matt lamination<br \/>\nISSN\uff08\u570b\u969b\u82f1\u6587\u7248\uff09\uff1a1029 4805<br \/>\nISSN\uff08\u7e41\u9ad4\u4e2d\u6587\u7248\uff09\uff1a1029 4813<\/p>\n","protected":false},"excerpt":{"rendered":"<p><strong>\u6c89\u60b6\u7684\u82e6\u5dee\u6216\u9a5a\u559c\u7684\u6311\u6230\u5e73\u8861\u884c\u70ba\uff1f<\/strong><br \/>\n\u5c0d\u65bc\u6240\u6709\u5e73\u9762\u8a2d\u8a08\u5e2b\u800c\u8a00\uff0c\u7406\u60f3\u7684\u6392\u7248\u65b9\u6848\u5176\u5be6\u662f\u6587\u672c\u548c\u5716\u50cf\u6240\u5360\u7a7a\u9593\u5927\u5c0f\u76f8\u82e5\u3002\u7136\u800c\uff0c\u6709\u4e00\u500b\u8a2d\u8a08\u9818\u57df\u8a3b\u5b9a\u662f\u4e0d\u53ef\u80fd\u5be6\u73fe\u9019\u76ee\u6a19\u7684\uff0c\u90a3\u5c31\u662f\u5831\u544a\u3001\u5ba3\u50b3\u518a\u548c\u76ee\u9304\u7684\u8a2d\u8a08\u3002\u9867\u540d\u601d\u7fa9\uff0c\u5e74\u5831\u662f\u4ee5\u8cc7\u8a0a\u70ba\u4e3b\uff0c\u800c\u7522\u54c1\u5ba3\u50b3\u518a\u548c\u76ee\u9304\u537b\u5305\u542b\u4e86\u66f4\u591a\u7684\u5716\u8c61\u548c\u6587\u672c\u3002\u5b83\u5011\u7684\u8a2d\u8a08\u76ee\u7684\u662f\u5229\u7528\u63d2\u5716\u4f86\u5438\u5f15\u95dc\u6ce8\uff0c\u56e0\u70ba\u63d2\u5716\u7d42\u6b78\u6bd4\u6587\u5b57\u66f4\u6709\u8aaa\u670d\u529b\u3002<\/p>\n<p>\u63db\u53e5\u8a71\u8aaa\uff0c\u5831\u544a\u6240\u9700\u7684\u8a31\u591a\u8cc7\u6599\u90fd\u53ef\u4ee5\u901a\u904e\u8868\u683c\u3001\u5716\u8868\u548c\u5176\u4ed6\u8cc7\u8a0a\u5716\u8c61\u7684\u65b9\u5f0f\u76f4\u89c0\u5730\u8868\u793a\u51fa\u4f86\uff0c\u9019\u6a23\u4e5f\u5c31\u6e1b\u8f15\u8cbb\u529b\u95b1\u8b80\u9577\u7bc7\u5927\u8ad6\u7684\u58d3\u529b\u3002\u4f46\u662f\uff0c\u9019\u88e1\u6709\u4e00\u500b\u68d8\u624b\u7684\u554f\u984c\uff1a\u9452\u65bc\u5e74\u5831\u7684\u76ee\u7684\u662f\u5411\u80a1\u6771\uff0c\u4ee5\u53ca\u8a18\u8005\u3001\u76e3\u7ba1\u6a5f\u69cb\u7b49\u5176\u4ed6\u5229\u76ca\u76f8\u95dc\u65b9\u63d0\u4f9b\u6709\u95dc\u516c\u53f8\u6d3b\u52d5\u548c\u8ca1\u52d9\u696d\u7e3e\u7684\u8cc7\u8a0a\uff0c\u56e0\u6b64\u95dc\u9375\u554f\u984c\u662f\u9019\u4e9b\u8cc7\u8a0a\u5fc5\u9808100%\u6e96\u78ba\u3002<\/p>\n","protected":false},"featured_media":11280,"template":"","meta":[],"product_brand":[],"product_cat":[31],"product_tag":[],"class_list":{"0":"post-5886","1":"product","2":"type-product","3":"status-publish","4":"has-post-thumbnail","6":"product_cat-idn","8":"first","9":"instock","10":"taxable","11":"shipping-taxable","12":"purchasable","13":"product-type-variable","14":"has-default-attributes"},"_links":{"self":[{"href":"https:\/\/shop.idnworld.com\/zh-hant\/wp-json\/wp\/v2\/product\/5886","targetHints":{"allow":["GET"]}}],"collection":[{"href":"https:\/\/shop.idnworld.com\/zh-hant\/wp-json\/wp\/v2\/product"}],"about":[{"href":"https:\/\/shop.idnworld.com\/zh-hant\/wp-json\/wp\/v2\/types\/product"}],"wp:featuredmedia":[{"embeddable":true,"href":"https:\/\/shop.idnworld.com\/zh-hant\/wp-json\/wp\/v2\/media\/11280"}],"wp:attachment":[{"href":"https:\/\/shop.idnworld.com\/zh-hant\/wp-json\/wp\/v2\/media?parent=5886"}],"wp:term":[{"taxonomy":"product_brand","embeddable":true,"href":"https:\/\/shop.idnworld.com\/zh-hant\/wp-json\/wp\/v2\/product_brand?post=5886"},{"taxonomy":"product_cat","embeddable":true,"href":"https:\/\/shop.idnworld.com\/zh-hant\/wp-json\/wp\/v2\/product_cat?post=5886"},{"taxonomy":"product_tag","embeddable":true,"href":"https:\/\/shop.idnworld.com\/zh-hant\/wp-json\/wp\/v2\/product_tag?post=5886"}],"curies":[{"name":"wp","href":"https:\/\/api.w.org\/{rel}","templated":true}]}}