{"id":5237,"date":"2018-05-09T12:25:44","date_gmt":"2018-05-09T04:25:44","guid":{"rendered":"http:\/\/shop.idnworld.com\/product\/idn-v24n5%ef%bc%9a%e8%b3%87%e8%a8%8a%e5%9c%96%e5%83%8f%e5%8f%8aui%e4%bb%8b%e9%9d%a2%e8%a8%ad%e8%a8%88"},"modified":"2025-04-29T18:30:03","modified_gmt":"2025-04-29T10:30:03","slug":"v24n5","status":"publish","type":"product","link":"https:\/\/shop.idnworld.com\/zh-hant\/product\/v24n5\/","title":{"rendered":"IdN v24n5\uff1a\u8cc7\u8a0a\u5716\u50cf\u53caUI\u4ecb\u9762\u8a2d\u8a08"},"content":{"rendered":"<p><strong>\u8cc7\u8a0a\u5716\u50cf\u53caUI\u4ecb\u9762\u8a2d\u8a08<\/strong><br \/>\n\u8a2d\u8a08\u5e2b\u5fc5\u9808\u5206\u6790\u6bcf\u500b\u7528\u6236\u53ef\u80fd\u57f7\u884c\u7684\u6240\u6709\u65b9\u6848\uff0c\u4ee5\u4fbf\u7c4c\u756b\u6240\u6709\u7684\u4e3b\u8981\u8cc7\u8a0a\u90fd\u61c9\u7576\u653e\u5728\u4f55\u8655\u624d\u80fd\u6700\u5927\u9650\u5ea6\u5438\u5f15\u7528\u6236\u7684\u6ce8\u610f\u529b\u3002\u6b64\u5916\uff0c\u4ed6\u5011\u9084\u5fc5\u9808\u8003\u616e\uff0c\u5982\u679c\u7528\u6236\u60f3\u9032\u4e00\u6b65\u63a2\u7d22\u7db2\u7ad9\u6216\u662f\u64a4\u56de\uff0c\u61c9\u8a72\u5982\u4f55\u9032\u884c\u5f15\u5c0e\u3002<\/p>\n<p>\u5118\u7ba1\u5927\u8166\u7684\u4e0d\u540c\u795e\u7d93\u4e2d\u6a1e\u5305\u542b\u908f\u8f2f\u601d\u8003\u548c\u5716\u50cf\u601d\u8003\u5169\u7a2e\u5c6c\u6027\uff0c\u4f46\u512a\u79c0\u7684\u7d14\u8cc7\u8a0a\u5716\u50cf\uff0f\u4f7f\u7528\u8005\u4ecb\u9762\u8a2d\u8a08\u5e2b\u5fc5\u9808\u80fd\u540c\u6642\u5f9e\u9019\u5169\u500b\u89d2\u5ea6\u53bb\u601d\u8003\u8a2d\u8a08\u3002\u9019\u771f\u662f\u8b93\u4eba\u5de6\u53f3\u70ba\u96e3\uff0c\u800c\u5728\u4e0b\u6587\u63a5\u53d7\u63a1\u8a2a\u7684\u8a2d\u8a08\u5e2b\u4e2d\uff0c\u4e26\u4e0d\u662f\u6240\u6709\u4eba\u90fd\u540c\u610f\u9019\u500b\u89c0\u9ede\u7684\u3002\u5c0d\u65bc\u4e00\u4e9b\u8a2d\u8a08\u5e2b\u4f86\u8aaa\uff0c\u7d14\u8cc7\u8a0a\u5716\u50cf\u548c\u4f7f\u7528\u8005\u4ecb\u9762\u53ea\u4e0d\u904e\u662f\u53e6\u5916\u4e00\u7a2e\u8001\u751f\u5e38\u8ac7\u7684\u8a2d\u8a08\u5f62\u5f0f\u800c\u5df2\uff0c\u5176\u4e3b\u8981\u95dc\u6ce8\u9ede\u5728\u6240\u6709\u8a2d\u8a08\u5e2b\u7684\u8eab\u4e0a\uff0c\u5373\u8b1b\u6545\u4e8b\u548c\u50b3\u905e\u6d88\u606f\u3002<\/p>\n<p><strong>\u8a2d\u8a08\u55ae\u4f4d\uff1a<\/strong><br \/>\nAdolfo Arranz | An\u0131l Yan\u0131k | Beach | Biqi Zhang | CHKY\/Chragi Frei | \u010crtomir Just | Daniel Lepik | Danny Yount | Dennis Sch\u00e4fer | Ella Zheng Meisi\/Ellaisweird | FFunction | Fiorella Celeste Allera | Gemma Warriner | GMUNK | Jane Ro | John Koltai | Jonathan Petersen | Jorge Almeida | Julien Nolin | KAIWA | Katharina Schwarz | Keren Shalev | Kuba Bogaczynski | LargeNetwork | Leo Burnett | Toronto | LOOP | LUMBRE | Marti Romances | Mart\u00edn Liveratore | M\u00e1rton Borz\u00e1k | Nat Kunyapat | Peter Grundy\/Grundini Ltd | Renato Klieger | Robbie Bolick aka Drbolick | Roc\u00edo Fern\u00e1ndez Fuks | Stefania Guerra | Mike Carreira | STUDIO TERP | Territory Studio | Toby Ng Design | Vincent Studios | zazu.tv<\/p>\n<p><strong>\u660e\u7d30\uff1a<\/strong><br \/>\n160p + 8p cover<br \/>\n160mm (w) x 230mm (h)<br \/>\n4 varying paper stocks<br \/>\n4C process + matt lamination<br \/>\nISSN\uff08\u570b\u969b\u82f1\u6587\u7248\uff09\uff1a1029 4805<br \/>\nISSN\uff08\u7e41\u9ad4\u4e2d\u6587\u7248\uff09\uff1a1029 4813<\/p>\n","protected":false},"excerpt":{"rendered":"<p><strong>\u8de8\u754c\u8a2d\u8a08\u5168\u624d<\/strong><br \/>\n\u5982\u679c\u8a8d\u771f\u60f3\u4e00\u60f3\u7684\u8a71\uff0c\u4f60\u5c31\u6703\u767c\u73fe\u6240\u6709\u8207\u8a2d\u8a08\u6709\u95dc\u7684\u4f5c\u54c1\u90fd\u53ef\u6b78\u65bc\u300c\u7d14\u8cc7\u8a0a\u5716\u50cf\u300d\u7684\u6a19\u984c\u4e0b\uff0c\u7d14\u8cc7\u8a0a\u5716\u50cf\u5be6\u969b\u4e0a\u5c31\u662f\u7d50\u5408\u5716\u50cf\u548c\u8cc7\u8a0a\u3002\u7121\u8ad6\u8cc7\u8a0a\u662f\u901a\u904e\u6587\u5b57\u9084\u662f\u6578\u4f4d\u4f86\u5448\u73fe\u7684\uff0c\u90fd\u5fc5\u9808\u6709\u9192\u76ee\u7684\u5f62\u8c61\u624d\u80fd\u5438\u5f15\u89c0\u773e\u7684\u773c\u7403\u3002<\/p>\n<p>\u9019\u4e0d\u662f\u6211\u5011\u7b2c\u4e00\u6b21\u4ee5\u7d14\u8cc7\u8a0a\u5716\u50cf\u548c\u4f7f\u7528\u8005\u4ecb\u9762\uff08UI\uff09\u8a2d\u8a08\u70ba\u4e3b\u984c\u7684\u3002\u4f46\u6211\u5011\u7e3d\u662f\u611f\u5230\u9a5a\u5947\uff0c\u65bc\u5f9e\u9019\u500b\u76f8\u5c0d\u5d84\u65b0\u7684\u8a2d\u8a08\u9818\u57df\u4e2d\uff0c\u4e0d\u65b7\u6e67\u73fe\u51fa\u5982\u6b64\u773e\u591a\u9748\u6c23\u903c\u4eba\u7684\u7d14\u8cc7\u8a0a\u5716\u50cf\u4f5c\u54c1\u3002\u5728\u6211\u5011\u6240\u6709\u4eba\u73fe\u5728\u6240\u8655\u7684\u6578\u78bc\u4e16\u754c\u4e2d\uff0cAPP\u5df2\u7d93\u7121\u6240\u4e0d\u5728\uff0c\u5176\u4e2d\u8a31\u591aAPP\u90fd\u53ef\u88ab\u6b78\u985e\u70ba\u7d14\u8cc7\u8a0a\u5716\u50cf\u3002\u5927\u591a\u6578\u7db2\u7ad9\u7684\u4ecb\u9762\u90fd\u7d50\u5408\u4e86\u7528\u8272\u6df1\u6dfa\u4e0d\u4e00\u7684\u8cc7\u8a0a\u548c\u5716\u50cf\uff0c\u800c\u4f60\u6bcf\u4e00\u6b21\u7684\u9ede\u64ca\u6ed1\u9f20\u90fd\u662f\u7d93\u904e\u7cbe\u5fc3\u8a2d\u8a08\u7684\u3002<\/p>\n","protected":false},"featured_media":11385,"template":"","meta":[],"product_brand":[],"product_cat":[31],"product_tag":[],"class_list":{"0":"post-5237","1":"product","2":"type-product","3":"status-publish","4":"has-post-thumbnail","6":"product_cat-idn","8":"first","9":"instock","10":"taxable","11":"shipping-taxable","12":"purchasable","13":"product-type-variable","14":"has-default-attributes"},"_links":{"self":[{"href":"https:\/\/shop.idnworld.com\/zh-hant\/wp-json\/wp\/v2\/product\/5237","targetHints":{"allow":["GET"]}}],"collection":[{"href":"https:\/\/shop.idnworld.com\/zh-hant\/wp-json\/wp\/v2\/product"}],"about":[{"href":"https:\/\/shop.idnworld.com\/zh-hant\/wp-json\/wp\/v2\/types\/product"}],"wp:featuredmedia":[{"embeddable":true,"href":"https:\/\/shop.idnworld.com\/zh-hant\/wp-json\/wp\/v2\/media\/11385"}],"wp:attachment":[{"href":"https:\/\/shop.idnworld.com\/zh-hant\/wp-json\/wp\/v2\/media?parent=5237"}],"wp:term":[{"taxonomy":"product_brand","embeddable":true,"href":"https:\/\/shop.idnworld.com\/zh-hant\/wp-json\/wp\/v2\/product_brand?post=5237"},{"taxonomy":"product_cat","embeddable":true,"href":"https:\/\/shop.idnworld.com\/zh-hant\/wp-json\/wp\/v2\/product_cat?post=5237"},{"taxonomy":"product_tag","embeddable":true,"href":"https:\/\/shop.idnworld.com\/zh-hant\/wp-json\/wp\/v2\/product_tag?post=5237"}],"curies":[{"name":"wp","href":"https:\/\/api.w.org\/{rel}","templated":true}]}}