{"id":4877,"date":"2017-12-13T14:59:01","date_gmt":"2017-12-13T06:59:01","guid":{"rendered":"http:\/\/shop.idnworld.com\/product\/v24n3"},"modified":"2025-04-29T18:42:47","modified_gmt":"2025-04-29T10:42:47","slug":"v24n3","status":"publish","type":"product","link":"https:\/\/shop.idnworld.com\/zh-hant\/product\/v24n3\/","title":{"rendered":"IdN v24n3\uff1a\u9023\u74b0\u63d2\u756b"},"content":{"rendered":"<p><strong>\u9023\u74b0\u63d2\u756b<\/strong><br \/>\n\u5728\u4eca\u671f\u7684\u5c08\u984c\u5831\u5c0e\u4e2d\uff0c\u6211\u5011\u4e00\u5171\u63a1\u8a2a\u4e8636\u540d\u9023\u74b0\u63d2\u5716\u8a2d\u8a08\u5e2b\uff0c\u8acb\u4ed6\u5011\u8ddf\u6211\u5011\u8ac7\u4e00\u8ac7\u4ed6\u5011\u5c0d\u65bc\u9023\u74b0\u63d2\u5716\u7684\u770b\u6cd5\uff0c\u4e26\u8207\u6211\u5011\u5206\u4eab\u4e00\u4e9b\u81ea\u5df1\u7684\u7cbe\u5f69\u6848\u4f8b\u3002\u4ed6\u5011\u5927\u591a\u6578\u4eba\u90fd\u8a8d\u70ba\uff0c\u5e74\u8f15\u8a2d\u8a08\u5e2b\u6700\u5bb9\u6613\u843d\u5165\u7684\u9677\u9631\u4e4b\u4e00\u5c31\u662f\uff0c\u5047\u5b9a\u8b80\u8005\u77ad\u89e3\u6545\u4e8b\u7684\u8d70\u5411\u548c\u5c07\u8981\u767c\u751f\u600e\u6a23\u7684\u5287\u60c5\uff0c\u4ed6\u5011\u5728\u81ea\u5df1\u7684\u5167\u5fc3\u4e16\u754c\u4e2d\u8ff7\u5931\u4e86\u90a3\u9ebc\u4e45\uff0c\u4ee5\u81f3\u65bc\u7576\u4ed6\u5011\u771f\u6b63\u756b\u51fa\u81ea\u5df1\u5e38\u5e38\u60f3\u50cf\u7684\u5834\u666f\u6642\uff0c\u5f80\u5f80\u6703\u5ffd\u7565\u91cd\u8981\u7684\u7d30\u7bc0\u3002\u5c0d\u65bc\u9023\u74b0\u63d2\u5716\u5bb6\u800c\u8a00\uff0c\u81f3\u95dc\u91cd\u8981\u7684\u662f\u8981\u8a18\u4f4f\uff0c\u5927\u591a\u6578\u8b80\u8005\u90fd\u662f\u7b2c\u4e00\u6b21\u770b\u4ed6\u5011\u7684\u4f5c\u54c1\uff0c\u9700\u8981\u88ab\u9019\u96bb\u57f7\u7b46\u4f5c\u756b\u7684\u624b\u6eab\u67d4\u5730\u6307\u5f15\u3002\u540c\u7406\uff0c\u8a2d\u8a08\u5e2b\u4e5f\u4e0d\u8a72\u904e\u65bc\u6c89\u6eba\u65bc\u6bcf\u4e00\u500b\u756b\u9762\u7684\u6280\u8853\u5b8c\u7f8e\u5ea6\u4e4b\u4e2d\uff0c\u800c\u662f\u7262\u8a18\u4ed6\u9700\u8981\u8868\u9054\u7684\u662f\u6d41\u52d5\u7684\u3001\u6709\u9023\u7e8c\u6027\u7684\u601d\u60f3\u3002<\/p>\n<p>\u7121\u8ad6\u4f60\u662f\u4e0d\u662f\u300c\u6f2b\u756b\u300d\u8ff7\uff0c\u6211\u5011\u90fd\u5e0c\u671b\u4f60\u80fd\u5c0d\u9019\u9580\u624b\u85dd\u6709\u8f03\u6df1\u5165\u7684\u601d\u8003\uff0c\u4e26\u70ba\u5728\u67d0\u4e9b\u5708\u5b50\uff08\u7121\u8ad6\u662f\u6587\u5b78\u9084\u662f\u5716\u50cf\u8a2d\u8a08\u9818\u57df\uff09\u88e1\u4ecd\u5099\u53d7\u722d\u8b70\uff0c\u672a\u5f97\u5230\u61c9\u6709\u91cd\u8996\u7684\u5275\u4f5c\u8005\u5e36\u4f86\u66d9\u5149\u3002\u7121\u8ad6\u4f60\u6709\u4ec0\u9ebc\u770b\u6cd5\uff0c\u90fd\u61c9\u8a72\u5728\u9019\u88e1\u627e\u5230\u7d20\u6750\u53bb\u63d0\u5347\u5b83\u5011\uff0c\u6216\u8005\u5c0d\u5b83\u5011\u63d0\u51fa\u6b63\u9762\u7684\u6311\u6230\uff0c\u7c21\u800c\u8a00\u4e4b\uff0c\u5c31\u662f\u5728\u9019\u4e00\u5275\u4f5c\u5f62\u5f0f\u4e0a\u70ba\u4f60\u63d0\u4f9b\u66f4\u65b0\u9bae\u4e5f\u66f4\u660e\u667a\u7684\u89c0\u9ede\u3002<\/p>\n<p><strong>\u8a2d\u8a08\u55ae\u4f4d\uff1a<\/strong><br \/>\nAlex Arizmendi aka MFK00 | Am\u00e9lie Fl\u00e9chais | Anand Radhakrishnan | Anthony Summey\/Summey Illustration | Asaf Hanuka | Briony May Smith | Butcher Billy | El Don Guillermo | Enrique Fern\u00e1ndez | Freak City | Gavin Aung Than | Jakub Rebelka | Jared Muralt | Jiye Kim | Jordi Lafebre | Julien Perron | La Nonette | Joachim Leclercq | Lo\u00efc Locatelli Kournwsky | Max Baitinger | Mike Anderson aka Mikuloctopus | Miquel Muerto | Pablo Delcielo | Paul Maybury | Sam Taylor | Sherif Adel\/Barbatoze Comics | Taarika John | Thomke Meyer | Thrashead | Tom\u00e1\u0161 Olek\u0161\u00e1k | Tonci Zonjic | Tony Cliff | Von Randal | Wes Craig | Xabi Mendoza\/Le Stryge Studios | Zimzonowicz<\/p>\n<p><strong>\u660e\u7d30\uff1a<\/strong><br \/>\n160p + 8p cover<br \/>\n160mm\uff08w\uff09x 230mm\uff08h\uff09<br \/>\n4 varying paper stocks<br \/>\n4C process + matt lamination<br \/>\nISSN\uff08\u570b\u969b\u82f1\u6587\u7248\uff09\uff1a1029 4805<br \/>\nISSN\uff08\u7e41\u9ad4\u4e2d\u6587\u7248\uff09\uff1a1029 4813<\/p>\n","protected":false},"excerpt":{"rendered":"<p><strong>\u300c\u6846\u300d\u5167\u756b\u610f<\/strong><br \/>\n\u5118\u7ba1\u901a\u5e38\u88ab\u7a31\u70ba\u300c\u6f2b\u756b\u300d\uff0c\u5c24\u5176\u662f\u7576\u6240\u8b1b\u8ff0\u7684\u6545\u4e8b\u6d89\u53ca\u8d85\u7d1a\u82f1\u96c4\u7684\u6ed1\u7a3d\u52d5\u4f5c\u6642\uff0c\u63d2\u756b\u5c0d\u6558\u4e8b\u98a8\u683c\u7684\u50b3\u9054\u8207\u6587\u5b57\u822c\u7686\u5177\u540c\u6a23\u7684\u6548\u529b\uff0c\u6bd4\u7c21\u55ae\u5730\u5ba3\u63da\u62ef\u6551\u4e16\u754c\u7684\u4e86\u4e0d\u8d77\u66f4\u8981\u5bec\u6cdb\u5f97\u591a\u3002\u5b83\u5305\u542b\u96fb\u5f71\u88fd\u4f5c\u7684\u60c5\u7bc0\u4e32\u9023\u5716\u50cf\u3001\u52d5\u756b\u548c\u8a71\u6846\uff0c\u4ee5\u53ca\u5728\u5e73\u9762\u5716\u50cf\u4e2d\u5448\u73fe\u7684\u300c\u52d5\u614b\u300d\u666f\u8c61\uff0c\u5b83\u5145\u7576\u4e86\u6587\u5b78\u8207\u96fb\u5f71\u4e4b\u9593\u7684\u4e2d\u8f49\u7ad9\u3002\u512a\u79c0\u7684\u7e6a\u756b\u6280\u5de7\u8207\u654d\u8ff0\u5408\u7406\u7684\u6545\u4e8b\u60c5\u7bc0\u7684\u80fd\u529b\u4e00\u6a23\u90fd\u4e0d\u80fd\u5c11\u3002\u4f46\u5728\u9019\u4e9b\u5ee3\u6cdb\u7684\u53c3\u7d20\u4e2d\uff0c\u9084\u6709\u5404\u5f0f\u5404\u6a23\u7684\u8a2d\u8a08\u98a8\u683c\u53ca\u7279\u8272\u7684\u5f9e\u696d\u54e1\u3002<\/p>\n<p>\u300c\u9023\u74b0\u63d2\u756b\u300d\u9019\u500b\u8a5e\u4f3c\u4e4e\u662f\u57281985\u5e74\u9996\u6b21\u51fa\u73fe\u7684\uff0c\u7576\u6642\u6f2b\u756b\u5bb6 Will Elsner \u70ba\u4ed6\u7684\u65b0\u66f8\u8d77\u540d\u53eb\u300aComics And Sequential Art\uff08\u6f2b\u756b\u8207\u9023\u74b0\u63d2\u756b\uff09\u300b\u3002\u4ed6\u5c07\u9023\u74b0\u63d2\u756b\u7684\u8981\u7d20\u5206\u70ba\u56db\u90e8\u5206\uff1a\u8a2d\u8a08\u3001\u7e6a\u756b\u3001\u6f2b\u756b\u624b\u6cd5\u548c\u5beb\u4f5c\u3002\u6700\u5f8c\u628a\u5b83\u7e3d\u7d50\u70ba\u4e00\u7a2e\u5229\u7528\u6709\u5e8f\u6392\u5217\u7684\u5716\u50cf\u4f86\u8b1b\u6545\u4e8b\u6216\u50b3\u9054\u8cc7\u8a0a\u7684\u85dd\u8853\u5f62\u5f0f\u3002<\/p>\n","protected":false},"featured_media":11454,"template":"","meta":[],"product_brand":[],"product_cat":[31],"product_tag":[],"class_list":{"0":"post-4877","1":"product","2":"type-product","3":"status-publish","4":"has-post-thumbnail","6":"product_cat-idn","8":"first","9":"instock","10":"taxable","11":"shipping-taxable","12":"purchasable","13":"product-type-variable","14":"has-default-attributes"},"_links":{"self":[{"href":"https:\/\/shop.idnworld.com\/zh-hant\/wp-json\/wp\/v2\/product\/4877","targetHints":{"allow":["GET"]}}],"collection":[{"href":"https:\/\/shop.idnworld.com\/zh-hant\/wp-json\/wp\/v2\/product"}],"about":[{"href":"https:\/\/shop.idnworld.com\/zh-hant\/wp-json\/wp\/v2\/types\/product"}],"wp:featuredmedia":[{"embeddable":true,"href":"https:\/\/shop.idnworld.com\/zh-hant\/wp-json\/wp\/v2\/media\/11454"}],"wp:attachment":[{"href":"https:\/\/shop.idnworld.com\/zh-hant\/wp-json\/wp\/v2\/media?parent=4877"}],"wp:term":[{"taxonomy":"product_brand","embeddable":true,"href":"https:\/\/shop.idnworld.com\/zh-hant\/wp-json\/wp\/v2\/product_brand?post=4877"},{"taxonomy":"product_cat","embeddable":true,"href":"https:\/\/shop.idnworld.com\/zh-hant\/wp-json\/wp\/v2\/product_cat?post=4877"},{"taxonomy":"product_tag","embeddable":true,"href":"https:\/\/shop.idnworld.com\/zh-hant\/wp-json\/wp\/v2\/product_tag?post=4877"}],"curies":[{"name":"wp","href":"https:\/\/api.w.org\/{rel}","templated":true}]}}