{"id":4636,"date":"2017-09-14T20:26:28","date_gmt":"2017-09-14T12:26:28","guid":{"rendered":"http:\/\/shop.idnworld.com\/product\/v24n2"},"modified":"2025-04-29T18:50:40","modified_gmt":"2025-04-29T10:50:40","slug":"v24n2","status":"publish","type":"product","link":"https:\/\/shop.idnworld.com\/zh-hant\/product\/v24n2\/","title":{"rendered":"IdN v24n2\uff1a\u7de8\u8f2f\u8a2d\u8a08"},"content":{"rendered":"<p><strong>\u7de8\u8f2f\u8a2d\u8a08\u7279\u520a<\/strong><br \/>\n\u6b63\u5982\u4ea4\u97ff\u6a02\u5718\u7684\u6307\u63ee\u4e00\u6a23\uff0c\u4e00\u4efd\u520a\u7269\u7684\u8a2d\u8a08\u8005\uff0c\u7121\u8ad6\u662f\u5831\u7d19\u3001\u96dc\u8a8c\u9084\u662f\u5716\u66f8\uff0c\u8ca0\u8cac\u5c07\u6bcf\u500b\u8907\u96dc\u7684\u8cc7\u8a0a\u5716\u8c61\u62c9\u5728\u4e00\u8d77\u3002\u901a\u904e\u6545\u4e8b\u7684\u905e\u9032\u3001\u5716\u7247\u53ca\u6a19\u984c\u4f86\u5f15\u5c0e\u8b80\u8005\u7684\u540c\u6642\uff0c\u4ed6\uff0f\u5979\u4e5f\u5fc5\u9808\u8003\u616e\u5230\u4f5c\u54c1\u7684\u6574\u9ad4\u5f71\u97ff\uff0c\u8ce6\u4e88\u5b83\u8207\u773e\u4e0d\u540c\u7684\u500b\u6027\uff0c\u901a\u5e38\u9019\u6703\u53cd\u6620\u8a2d\u8a08\u8005\u7684\u500b\u4eba\u98a8\u683c\u3002<\/p>\n<p>\u540c\u6a23\u7684\u539f\u7406\u4ea6\u9069\u7528\u65bc\u6240\u6709\u5305\u542b\u6587\u5b57\u548c\u63d2\u5716\u7684\u520a\u7269\uff1a\u5ba3\u50b3\u518a\u3001\u5c55\u89bd\u5ba3\u50b3\u55ae\u3001\u5e74\u5ea6\u5831\u544a\u3001\u7b46\u8a18\u672c\u3001\u50b3\u55ae\u2026\u2026\u9019\u4e9b\u90fd\u5c6c\u65bc\u7de8\u8f2f\u8a2d\u8a08\u5e2b\u7684\u8a2d\u8a08\u7bc4\u7587\u3002\u4ed6\u5011\u9084\u5f97\u6c7a\u5b9a\u4e00\u9023\u4e32\u4e92\u76f8\u95dc\u806f\u7684\u51fa\u7248\u4e8b\u5b9c\uff0c\u8b6c\u5982\u9020\u7d19\u539f\u6599\u3001\u8a02\u88dd\u3001\u5370\u5237\u6280\u5de7\u3001\u5f62\u72c0\u548c\u5c3a\u5bf8\u3002<\/p>\n<p>\u65e2\u7136\u63d0\u5230\u4e86\u300c\u7db2\u683c\u300d\u9019\u500b\u8a5e\uff0c\u90a3\u5c31\u5728\u9019\u88e1\u591a\u8aaa\u5e7e\u53e5\u3002\u7db2\u683c\u5728\u7de8\u8f2f\u8a2d\u8a08\u4e2d\u4f54\u64da\u8457\u5341\u5206\u91cd\u8981\u7684\u4f4d\u7f6e\u3002\u7121\u8ad6\u7248\u5f0f\u770b\u8d77\u4f86\u591a\u9ebc\u6beb\u7121\u7ae0\u6cd5\u6216\u662f\u6de9\u4e82\u4e0d\u582a\uff0c\u5982\u679c\u4f60\u4ed4\u7d30\u89c0\u5bdf\uff0c\u7e3d\u80fd\u5728\u5176\u4e0b\u65b9\u767c\u73fe\u4e00\u500b\u7db2\u683c\u3002\u6c92\u6709\u7db2\u683c\u7684\u8a71\uff0c\u4f5c\u54c1\u5c07\u8b8a\u6210\u4e00\u7247\u6df7\u6c8c\uff0c\u4ee4\u8b80\u8005\u611f\u5230\u8ff7\u832b\uff0c\u5373\u4f7f\u662f\u6700\u6709\u8da3\u7684\u6587\u7ae0\u4e5f\u6703\u8b93\u4ed6\u5011\u7acb\u5373\u55aa\u5931\u8208\u8da3\u3002<\/p>\n<p><strong>\u8a2d\u8a08\u55ae\u4f4d\uff1a<\/strong><br \/>\n[rowelt] | 2017 Designers | 46&#038;2 | Acm\u00e9 Paris | Alexia Roux | ANTI | Atelier d\u2019Alves | Brando Corradini | Carles Carret\u00e9 Bosch | Carlotta Gallo | Christine Herrin | Cleber de Campos, Dennis Fuentes | Domino Architects | Eiko Ojala | Evelin Kasikov | Flav Santoro | Foreign Policy Design Group | Francesco Delrosso | GARYNDESIGN | Gong Xinyu | Grilli Type | Hugo Dias &#038; Soraia Eug\u00e9nio | In The Pool Studio | Iveta Krajcirova | Jiani Lu | Jitpanu Thaiprasert | Jiyun Lou | Joanna Tyborowska | Juicy Square | Kamilla M\u00e5rvik Der\u00e5s | kawatodesign | Luc\u00eda Izco | Lukas Novotny | Maga-Atelier | Marco Mu\u0308ller | Moir\u00e9 | ORDINARY PEOPLE | Owl &#038; Dog Playbooks | Pinjuchen Design | Relajaelcoco Studio | Roc\u00edo G\u00f3mez | Sarah Elly Johnson | Serene Yap | Shanti Sparrow | Snask | Studio Mut | Su Blackwell Studio Ltd. | Taken By Storm | Tatiana Denise Ligorria | The Head and The Heart Studio | Tigerissue | Tough Slate Design | Wedge &#038; Lever | Zeynep Orbay<\/p>\n<p><strong>\u660e\u7d30\uff1a<\/strong><br \/>\n160p + 8p cover<br \/>\n160mm (w) x 230mm (h)<br \/>\n4 varying paper stocks<br \/>\n4C process + matt lamination<br \/>\nISSN\uff08\u570b\u969b\u82f1\u6587\u7248\uff09\uff1a1029 4805<br \/>\nISSN\uff08\u7e41\u9ad4\u4e2d\u6587\u7248\uff09\uff1a1029 4813<\/p>\n","protected":false},"excerpt":{"rendered":"<p><strong>\u6211\u5011\u4fe1\u8cf4\u7db2\u683c<\/strong><br \/>\n\u5831\u7d19\u3001\u96dc\u8a8c\u7b49\u5b9a\u671f\u520a\u7269\u5f88\u5feb\u78ba\u7acb\u4e86\u5b83\u5011\u81ea\u5df1\u7684\u7db2\u683c\u683c\u5f0f\uff0c\u4ee4\u5b83\u5011\u6210\u70ba\u57fa\u672c\u8eab\u4efd\u6a19\u8b58\u4e4b\u4e00\u3002\u82e5\u5c07\u5169\u672c\u96dc\u8a8c\u4e26\u6392\u64fa\u653e\uff0c\u4f60\u80fd\u5f88\u5feb\u767c\u73fe\u5176\u4e2d\u7684\u4e0d\u540c\u4e4b\u8655\u3002\u662f\u7684\uff0c\u52a0\u4e0a\u6709\u54c1\u724c\u7279\u8272\u7684\u984f\u8272\u66f4\u53ef\u4ee4\u96dc\u8a8c\u7684\u54c1\u724c\u66f4\u7a81\u51fa\uff0c\u4f46\u6b78\u6839\u7a76\u5e95\u9084\u662f\u7db2\u683c\u7684\u529f\u52de\u3002<\/p>\n<p>\u5728\u4e0b\u9762\u7684\u6587\u7ae0\u4e2d\uff0c\u6211\u5011\u53ec\u96c6\u4e86 55 \u65b7\u5730\u7d66\u4f60\u5e36\u4f86\u9748\u611f\u3002\u5373\u4f7f\u4f60\u6c92\u6253\u7b97\u5f9e\u4e8b\u9019\u4e00\u884c\uff0c\u4f60\u5f9e\u6587\u7ae0\u4e2d\u7372\u5f97\u7684\u3001\u5c0d\u7de8\u8f2f\u8a2d\u8a08\u85dd\u8853\u6240\u6709\u7d44\u6210\u90e8\u5206\u7684\u6df1\u523b\u7406\u89e3\uff0c\u90fd\u5c07\u8b93\u4f60\u5728\u5c07\u4f86\u80fd\u5920\u4ee5\u65b0\u9bae\u7684\u89d2\u5ea6\u770b\u5f85\u9019\u4e00\u5a92\u9ad4\u7684\u5168\u90e8\u5167\u5bb9\u3002<\/p>\n","protected":false},"featured_media":11489,"template":"","meta":[],"product_brand":[],"product_cat":[31],"product_tag":[],"class_list":{"0":"post-4636","1":"product","2":"type-product","3":"status-publish","4":"has-post-thumbnail","6":"product_cat-idn","8":"first","9":"instock","10":"taxable","11":"shipping-taxable","12":"purchasable","13":"product-type-variable","14":"has-default-attributes"},"_links":{"self":[{"href":"https:\/\/shop.idnworld.com\/zh-hant\/wp-json\/wp\/v2\/product\/4636","targetHints":{"allow":["GET"]}}],"collection":[{"href":"https:\/\/shop.idnworld.com\/zh-hant\/wp-json\/wp\/v2\/product"}],"about":[{"href":"https:\/\/shop.idnworld.com\/zh-hant\/wp-json\/wp\/v2\/types\/product"}],"wp:featuredmedia":[{"embeddable":true,"href":"https:\/\/shop.idnworld.com\/zh-hant\/wp-json\/wp\/v2\/media\/11489"}],"wp:attachment":[{"href":"https:\/\/shop.idnworld.com\/zh-hant\/wp-json\/wp\/v2\/media?parent=4636"}],"wp:term":[{"taxonomy":"product_brand","embeddable":true,"href":"https:\/\/shop.idnworld.com\/zh-hant\/wp-json\/wp\/v2\/product_brand?post=4636"},{"taxonomy":"product_cat","embeddable":true,"href":"https:\/\/shop.idnworld.com\/zh-hant\/wp-json\/wp\/v2\/product_cat?post=4636"},{"taxonomy":"product_tag","embeddable":true,"href":"https:\/\/shop.idnworld.com\/zh-hant\/wp-json\/wp\/v2\/product_tag?post=4636"}],"curies":[{"name":"wp","href":"https:\/\/api.w.org\/{rel}","templated":true}]}}