{"id":3756,"date":"2016-12-07T18:05:15","date_gmt":"2016-12-07T10:05:15","guid":{"rendered":"http:\/\/shop.idnworld.com\/product\/idn-v23n4%ef%bc%9a%e4%ba%92%e5%8b%95%e5%aa%92%e9%ab%94%e8%88%87%e8%a8%ad%e8%a8%88"},"modified":"2025-04-29T23:12:57","modified_gmt":"2025-04-29T15:12:57","slug":"v23n4","status":"publish","type":"product","link":"https:\/\/shop.idnworld.com\/zh-hant\/product\/v23n4\/","title":{"rendered":"IdN v23n4\uff1a\u4e92\u52d5\u5a92\u9ad4\u8207\u8a2d\u8a08"},"content":{"rendered":"<p><strong>\u5c0b\u627e\u5fc5\u6bba\u6280\u4e5f\u53ef\u80fd\u8cfa\u5230\u9322<\/strong><br \/>\n\u60f3\u8981\u6578\u6e05\u695a\u76ee\u524d\u73fe\u6709 APP \u7684\u6578\u91cf\u90a3\u662f\u4e0d\u53ef\u80fd\u7684\uff0c\u5b83\u6bcf\u5929\u90fd\u5728\u589e\u52a0\uff0c\u76f8\u4fe1\u5df2\u9054\u6210\u5343\u4e0a\u842c\u7684\u6578\u91cf\u3002\u5176\u5be6\u5927\u90e8\u5206 APP \u90fd\u6c92\u4ec0\u9ebc\u5be6\u969b\u7528\u8655\uff0c\u4f46\u662f\u70ba\u4e86\u6709\u6210\u529f\u7684\u6a5f\u6703\uff0c\u4fbf\u8457\u529b\u65bc\u8a2d\u8a08\u5143\u7d20\u4e0a\u3002\u4e0d\u4e00\u5b9a\u53ea\u8ffd\u6c42\u5916\u89c0\uff0c\u4f46\u5fc5\u9808\u5177\u5099\u5be6\u969b\u7528\u9014\u3002<\/p>\n<p>\u7121\u8ad6\u662f\u5e73\u9762\u9084\u662f\u4e09\u7dad\u3001\u6578\u4f4d\u9084\u662f\u985e\u6bd4\u8a2d\u8a08\uff0c\u9019\u90fd\u662f\u4e00\u500b\u68d8\u624b\u7684\u554f\u984c\u3002\u4f46\u662f\u5f88\u986f\u7136\uff0c\u56de\u5831\u662f\u5de8\u5927\u7684\u3002\u50cf Facebook\u3001Google\u3001YouTube\u3001Twitter \u6216\u662f Instagram \u7684\u5275\u8fa6\u8005\u90a3\u6a23\u6210\u70ba\u4e0b\u4e00\u500b\u5104\u842c\u5bcc\u7fc1\u7684\u6a5f\u6703\u53ef\u80fd\u6bd4\u4e2d\u5f69\u7968\u9084\u5c0f\u3002\u4f46\u662f\u5728\u9019\u4e9b\u5de8\u982d\u8207\u52aa\u529b\u505a\u5230\u6536\u652f\u5e73\u8861\u7684\u6578\u4e0d\u52dd\u6578\u7684 APP \u4e4b\u9593\u7684\u7a7a\u9593\u53ef\u80fd\u4ecd\u7136\u662f\u975e\u5e38\u6709\u5229\u53ef\u5716\u7684\u3002<\/p>\n<p>\u6bcb\u5eb8\u7f6e\u7591\uff0c\u9019\u5c31\u662f\u63a8\u52d5\u8457\u90a3\u9ebc\u591a\u5145\u6eff\u96c4\u5fc3\u58ef\u5fd7\u7684\u5e74\u8f15\u5275\u610f\u8a2d\u8a08\u5e2b\u524d\u9032\u7684\u52d5\u529b\u3002\u4ed6\u5011\u5728\u5b5c\u5b5c\u4e0d\u5026\u5730\u5c0b\u6c42\u80fd\u706b\u904d\u7b46\u8a18\u578b\u96fb\u8166\u3001\u624b\u6a5f\u3001\u5e73\u677f\u96fb\u8166\u53ca\u5176\u4ed6\u96fb\u5b50\u8a2d\u5099\u7684App\u7684\u8a2d\u8a08\u5fc5\u6bba\u6280\uff0c\u4ed6\u5011\u5e0c\u671b\u81f3\u5c11\u80fd\u5076\u7136\u767c\u73fe\u4e00\u500b\u7e2b\u9699\u5e02\u5834\uff0c\u8b93\u90a3\u7121\u6578\u5c0f\u6642\u7684\u53cd\u5fa9\u8a66\u9a57\u8b8a\u5f97\u7269\u6709\u6240\u503c\u3002\u4f86\u9ede\u5152\u9748\u611f\u5427\uff01<\/p>\n<p><strong>\u8a2d\u8a08\u55ae\u4f4d\uff1a<\/strong><br \/>\n46&#038;2 | Adrien Bourmault | AIC Design Consultancy | Ale Urrutia (Colorale Studio) | Asya Eizenstein | Avinash Tripathi | Baianat | Barjinder Singh | Biryukov Evgeny | Daan Roosegaarde | Dave Zhan | DHNN Creative Agency | ELLAIR (Estelle Philibert &#038; Robin Gillet) | Emelyanov Kirill | Eric Lynch | FIELD | Gabriel Nazoa | Heyllow Lab | Immersive Garden | Ionut Bondoc | Jens Marklund | Jono Brandel | Leo Natsume | Lucion Media | \u0141ukasz Dr\u00f3\u017cd\u017c | Begha (Mahmoud Adel Baghagho) | Make | Martin Vlas | Moment Factory | Oasis Communications | Park.Agency | Perception | Plus X | Purring Tiger | Raul Catwork | Rolf Jensen | Ruhfayed Sakib | Sascha Wholgemuth | Shangning Wang | Side B | Socio Design | Sorin Voicu | Stamen Design | Suki | Territory Studio | Tubik Studio | Tung | Universal Everything | Victoire Douy | Vincent Morisset (AATOAA) | YAAY Visualizing Complexity | You Jae Woong | Your Majesty Co. | Zhang Yu<\/p>\n<p><strong>\u660e\u7d30\uff1a<\/strong><br \/>\n160p + 8p cover<br \/>\n160mm (w) x 230mm (h)<br \/>\n4 varying paper stocks<br \/>\n4C process + matt lamination + spot uv<br \/>\nISSN\uff08\u570b\u969b\u82f1\u6587\u7248\uff09\uff1a1029 4805<br \/>\nISSN\uff08\u7e41\u9ad4\u4e2d\u6587\u7248\uff09\uff1a1029 4813<\/p>\n","protected":false},"excerpt":{"rendered":"<p>\u6309\u7167\u5b9a\u7fa9\uff0c\u4e92\u52d5\u8a2d\u8a08\u7684\u5b58\u6d3b\u8655\u6c7a\u5728\u65bc\u89c0\u773e\u7684\u60c5\u611f\u6216\u8eab\u9ad4\u4e0a\u7684\u53cd\u61c9\u300220 \u4e16\u7d00 80 \u5e74\u4ee3\u4e2d\uff0c\u5b83\u4ee5\u300c\u4e92\u52d5\u8a2d\u8a08\u300d\u7684\u540d\u7fa9\u88ab\u5f15\u5165\u8a2d\u8a08\u9818\u57df\uff0c\u7576\u6642\u4e3b\u8981\u5c40\u9650\u65bc\u5de5\u696d\u8a2d\u8a08\uff0c\u64f4\u5927\u767c\u5c55\u81f3\u4eca\u5df2\u8b8a\u6210\u7c21\u7a31 UI\uff08\u4f7f\u7528\u8005\u4ecb\u9762\uff09\u548c UX\uff08\u4f7f\u7528\u8005\u9ad4\u9a57\uff09\u3002\u81ea\u5f15\u9032\u4ee5\u4f86\uff0c\u4e92\u52d5\u8a2d\u8a08\u5df2\u4ee5\u5404\u7a2e\u5f62\u5f0f\u9010\u6f38\u4e3b\u5bb0\u4e86\u7576\u4ee3\u8a2d\u8a08\u9818\u57df\u2e3a\u5f9e\u5efa\u7bc9\u3001\u7522\u54c1\u5230\u7db2\u7ad9\u3001\u96fb\u8996\u904a\u6232\u3001\u96fb\u8996\u97f3\u6a02\u7bc0\u76ee\u4e3b\u6301\u2026\u2026\u76f4\u81f3\u6700\u7d42\u767c\u5c55\u800c\u6210\u7684\u300c\u91d1\u86cb\u300d\uff0c\u9019\u5c31\u662f\u61c9\u7528\u7a0b\u5f0f\uff0c\u6216\u300cAPP\u300d\u3002<\/p>\n<p>\u5728\u4e0b\u6587\u4e2d\uff0c\u591a\u9054 54 \u4f4d\u9802\u5c16\u4ea4\u4e92\u8a2d\u8a08\u5e2b\u9664\u4e86\u5c55\u793a\u4ed6\u5011\u7684\u4f5c\u54c1\u4e4b\u5916\uff0c\u4e5f\u53d7\u9080\u8a73\u7d30\u95e1\u8ff0\u4e86\u4ed6\u5011\u8a8d\u70ba\u8fc4\u4eca\u70ba\u6b62\u81ea\u5df1\u6700\u6210\u529f\u7684\u5c08\u6848\u3002\u4e26\u4e14\uff0c\u4ed6\u5011\u9084\u900f\u9732\u4e86\u5c0d\u65bc\u4ee5\u4e0b\u9019\u500b\u8907\u96dc\u554f\u984c\u7684\u60f3\u6cd5\uff1a\u6c38\u6046\u7684\u8a2d\u8a08\u662f\u5982\u4f55\u8207\u5be6\u7528\u6027\u7684\u9700\u6c42\uff08\u5927\u591a\u8a2d\u8a08\u5e2b\u90fd\u9078\u64c7\u5c07\u5be6\u7528\u6027\u653e\u5728\u9996\u4f4d\uff09\u4fdd\u6301\u548c\u8ae7\u7684\uff0c\u4e5f\u5c31\u662f\u5b57\u578b\u8207\u5716\u50cf\u7684\u914d\u7f6e\u9054\u5230\u6700\u4f73\u6548\u679c\u3002<\/p>\n","protected":false},"featured_media":11778,"template":"","meta":[],"product_brand":[],"product_cat":[31],"product_tag":[],"class_list":{"0":"post-3756","1":"product","2":"type-product","3":"status-publish","4":"has-post-thumbnail","6":"product_cat-idn","8":"first","9":"instock","10":"taxable","11":"shipping-taxable","12":"purchasable","13":"product-type-variable","14":"has-default-attributes"},"_links":{"self":[{"href":"https:\/\/shop.idnworld.com\/zh-hant\/wp-json\/wp\/v2\/product\/3756","targetHints":{"allow":["GET"]}}],"collection":[{"href":"https:\/\/shop.idnworld.com\/zh-hant\/wp-json\/wp\/v2\/product"}],"about":[{"href":"https:\/\/shop.idnworld.com\/zh-hant\/wp-json\/wp\/v2\/types\/product"}],"wp:featuredmedia":[{"embeddable":true,"href":"https:\/\/shop.idnworld.com\/zh-hant\/wp-json\/wp\/v2\/media\/11778"}],"wp:attachment":[{"href":"https:\/\/shop.idnworld.com\/zh-hant\/wp-json\/wp\/v2\/media?parent=3756"}],"wp:term":[{"taxonomy":"product_brand","embeddable":true,"href":"https:\/\/shop.idnworld.com\/zh-hant\/wp-json\/wp\/v2\/product_brand?post=3756"},{"taxonomy":"product_cat","embeddable":true,"href":"https:\/\/shop.idnworld.com\/zh-hant\/wp-json\/wp\/v2\/product_cat?post=3756"},{"taxonomy":"product_tag","embeddable":true,"href":"https:\/\/shop.idnworld.com\/zh-hant\/wp-json\/wp\/v2\/product_tag?post=3756"}],"curies":[{"name":"wp","href":"https:\/\/api.w.org\/{rel}","templated":true}]}}