{"id":2634,"date":"2016-07-08T13:04:49","date_gmt":"2016-07-08T05:04:49","guid":{"rendered":"http:\/\/shop.idnworld.com\/?post_type=product&#038;p=2634"},"modified":"2025-04-29T23:08:49","modified_gmt":"2025-04-29T15:08:49","slug":"v23n2","status":"publish","type":"product","link":"https:\/\/shop.idnworld.com\/zh-hant\/product\/v23n2\/","title":{"rendered":"IdN v23n2\uff1a\u6a19\u8b58\u8a2d\u8a08\u5de1\u79ae"},"content":{"rendered":"<p><strong>\u5982\u4f55\u8868\u9054\u4e0d\u53ef\u8a00\u50b3\u4e4b\u610f<\/strong><br \/>\n\u5982\u679c\u4f60\u89ba\u5f97\uff0c\u8eab\u70ba\u4e00\u500b\u500b\u9ad4\uff0c\u5c0d\u5225\u4eba\u7522\u751f\u5f71\u97ff\u5df2\u7d93\u8b8a\u5f97\u8d8a\u4f86\u8d8a\u56f0\u96e3\u4e86\uff0c\u90a3\u9ebc\u60f3\u50cf\u4e00\u4e0b\uff0c\u5c0d\u65bc\u6578\u91cf\u8207\u65e5\u4ff1\u589e\u7684\u773e\u591a\u516c\u53f8\u4f86\u8aaa\uff0c\u529b\u5716\u5728\u4e00\u500b\u66f4\u5177\u7af6\u722d\u6027\u5168\u7403\u5316\u7684\u4e16\u754c\u88e1\u63a8\u5ee3\u5176\u54c1\u724c\u8a72\u662f\u591a\u9ebc\u96e3\u4e0a\u52a0\u96e3\uff01\u6a19\u8b58\u8a2d\u8a08\u4e0d\u53ea\u662f\u4ee4\u4eba\u7262\u8a18\u5728\u5fc3\u7684\u54c1\u724c\u540d\u7a31\uff0c\u6216\u662f\u4ee4\u4eba\u4e00\u773c\u96e3\u5fd8\u7684 logo\u3002\u5b83\u662f\u4e00\u7a2e\u7522\u54c1\u6216\u8005\u670d\u52d9\u63d0\u4f9b\u7d66\u65e2\u5b9a\u6d88\u8cbb\u7fa4\u7684\u6574\u9ad4\u611f\u53d7\uff0c\u8b93\u4ed6\u5011\u6709\u4fe1\u5fc3\u8cfc\u8cb7\u7522\u54c1\u6216\u662f\u7e7c\u7e8c\u4eab\u53d7\u670d\u52d9\u3002<\/p>\n<p>\u9019\u5c31\u662f\u8a2d\u8a08\u5e2b\u5e0c\u671b\u901a\u904e\u5404\u7a2e\u5404\u6a23\u7684\u5de5\u85dd\u624b\u6cd5\u60f3\u8981\u5275\u4f5c\u7684\u5167\u5bb9\uff0c\u5b83\u5011\u5305\u62ec\u914d\u8272\u65b9\u6848\u3001\u5b57\u9ad4\u3001\u85dd\u8853\u624b\u6cd5\uff08\u6975\u7c21\u4e3b\u7fa9\u6216\u904e\u5206\u88dd\u98fe\u7684\u98a8\u683c\uff09\u3001\u5c3a\u5bf8\u3001\u6545\u4e8b\u7dda\u7d22\u3002\u4e0d\u904e\uff0c\u5275\u4f5c\u540c\u6a23\u4e5f\u53d7\u5236\u65bc\u5404\u7a2e\u4e0d\u540c\u7684\u6280\u8853\u9650\u5236\uff0c\u8b6c\u5982\u8a2d\u8a08\u9700\u8981\u9069\u61c9\u5ee3\u6cdb\u7684\u4f7f\u7528\u7d42\u7aef\u3002\u7136\u800c\uff0c\u6a19\u8b58\u8a2d\u8a08\u7684\u95dc\u9375\u9084\u662f\u5728\u65bc\u60c5\u611f\uff0c\u5728\u8207\u5ba2\u6236\u5354\u5546\u4e00\u81f4\u7684\u524d\u63d0\u4e0b\uff0c\u9019\u7a2e\u60c5\u611f\u5fc5\u9808\u4f86\u6e90\u65bc\u4e0a\u8ff0\u6240\u6709\u56e0\u7d20\uff0c\u7576\u7136\u5b83\u662f\u4e00\u7a2e\u62bd\u8c61\u7684\u6982\u5ff5\u3002\u56e0\u6b64\uff0c\u6311\u6230\u5c31\u5728\u65bc\u5982\u4f55\u64c1\u6709\u6301\u4e45\u7684\u5438\u5f15\u529b\u3002<\/p>\n<p>\u503c\u5f97\u4e00\u63d0\u7684\u662f\uff0c\u53c3\u8207\u672c\u671f\u8a2d\u8a08\u5de1\u79ae\u7684\u4e94\u5341\u4e09\u540d\u5e73\u9762\u8a2d\u8a08\u5e2b\u90fd\u662f\u7576\u4e4b\u7121\u6127\u7684\u6a19\u8b58\u8a2d\u8a08\u5c08\u5bb6\uff0c\u4ed6\u5011\u975e\u5e38\u71b1\u5ff1\u5730\u56de\u61c9\u4e86\u6211\u5011\u7684\u63d0\u554f\u2e3a\u8acb\u4ed6\u5011\u6311\u4e00\u500b\u73fe\u6709\u7684\u54c1\u724c\u53bb\u505a\u54c1\u724c\u91cd\u5851\u6f14\u7fd2\uff0c\u4e26\u7c21\u8981\u6982\u62ec\u4e00\u4e0b\u4ed6\u5011\u7684\u505a\u6cd5\u53ca\u7406\u5ff5\u3002\u6211\u5011\u8a8d\u70ba\uff0c\u770b\u770b\u54ea\u4e9b\u5176\u4ed6\u54c1\u724c\u5165\u9078\uff0c\u70ba\u6539\u5584\u5b83\u5011\u8a2d\u8a08\u5e2b\u5011\u53c8\u63d0\u51fa\u4e86\u54ea\u4e9b\u5177\u9ad4\u5efa\u8b70\uff0c\u9019\u4e9b\u90fd\u5c07\u4ee4\u8a2d\u8a08\u5e2b\u548c\u5ee3\u5927\u8b80\u8005\u540c\u6a23\u6df1\u6df1\u8457\u8ff7\u3002<\/p>\n<p><strong>\u8a2d\u8a08\u55ae\u4f4d\uff1a<\/strong><br \/>\nAlbert Junghwan Son | Allan Peters | Anti | ATTO | Backbone Branding | Bienal Comunicaci\u00f3n | Blok Design | Bond Creative Agency | Bravo | Bruch (Idee&#038;Form) | B\u00dcRO UFHO | CaroselloLab | High Tide | Dawid Cmok | Emanuel Cohen (26 Lettres) | Epiforma | Eskimo | Glasfurd &#038; Walker | Hiromi Maeo | HuskyFox | Infinito | Jason Little | Ken-Tsai Lee | Kisjustk | Kurppa Hosk | La Tortiller\u00eda | Maciej \u015awierczek | Marta Gawin | Marta Veludo | Masquespacio | Menta | Mi\u0142osz Klimek | Radiant Creatives Design Team | Moodley Brand Identity | Nick Edlin | Ozan Akkoyun | Pop &#038; Pac | Post Projects | Pupila Estudio | Revert Design | Sciencewerk | Simon Walsh | Sofi Aza\u00efs | Stefanie Bru\u0308ckler | Studio8585 | Sydney Goldstein | This Is Pacifica | Tobias Saul | Turnstyle | Underline Studio | Weidemu\u0308ller | WeLoveNoise (Luke Finch) | Wolff Olins<\/p>\n<p><strong>\u660e\u7d30\uff1a<\/strong><br \/>\n160p + 8p cover<br \/>\n160mm (w) x 230mm (h)<br \/>\n4 varying paper stocks<br \/>\n4C process + matt lamination + hot stamp<br \/>\nISSN\uff08\u570b\u969b\u82f1\u6587\u7248\uff09\uff1a1029 4805<br \/>\nISSN\uff08\u7e41\u9ad4\u4e2d\u6587\u7248\uff09\uff1a1029 4813<\/p>\n","protected":false},"excerpt":{"rendered":"<p>\u6216\u8a31\u53f2\u4e0a\u5f9e\u672a\u6709\u904e\u5c0d\u6a19\u8b58\u8a2d\u8a08\u5982\u6b64\u95dc\u6ce8\u3002\u6bcf\u500b\u4eba\u90fd\u60f3\u812b\u7a4e\u800c\u51fa\u3002\u800c\u5728\u9019\u5834\u760b\u72c2\u7684\u722d\u596a\u6230\u4e2d\uff0c\u70ba\u4e86\u6293\u4f4f Andy Warhol \u90a3\u53e5\u540d\u8a00\u4e2d\u6240\u8aaa\u7684\u6bcf\u500b\u4eba\u300c\u5341\u4e94\u5206\u9418\u7684\u842c\u773e\u89f8\u76ee\u300d\uff0c\u6211\u5011\u7d93\u5e38\u6703\u5728\u70ba\u9054\u5230\u76ee\u6a19\u6240\u8ffd\u96a8\u7684\u6d41\u884c\u8da8\u52e2\u7684\u63a8\u52d5\u4e0b\uff0c\u6dea\u70ba\u7121\u95dc\u7dca\u8981\u7684\u4eba\u7269\uff0c\u7121\u8ad6\u662f\u6211\u5011\u6240\u559c\u611b\u7684\u6642\u88dd\u3001\u7528\u65bc\u88dd\u98fe\u81ea\u8eab\u7684\u7d0b\u8eab\u548c\u7a7f\u6d1e\u3001\u6211\u5011\u518d\u4e5f\u4e0d\u6703\u56de\u982d\u53bb\u770b\u7684\u7528\u667a\u6167\u624b\u6a5f\u7121\u4f11\u6b62\u62cd\u4e0b\u7684\u81ea\u62cd\u7167\u7247\uff0c\u9084\u662f\u6211\u5011\u90a3\u9ebc\u52aa\u529b\u5730\u60f3\u8981\u901a\u904e Facebook \u548c Twitter \u7a4d\u7d2f\u7684\u300c\u4eba\u6c23\u300d\uff0c\u7121\u4e00\u4f8b\u5916\u3002<\/p>\n<p><strong>\u5167\u5bb9\u5305\u62ec\uff1a<\/strong><br \/>\n\u2022 Retail &#038; Business<br \/>\n\u2022 Food &#038; Hospitality<br \/>\n\u2022 Studios &#038; Creatives<br \/>\n\u2022 Culture &#038; Events<\/p>\n","protected":false},"featured_media":11774,"template":"","meta":[],"product_brand":[],"product_cat":[31],"product_tag":[],"class_list":{"0":"post-2634","1":"product","2":"type-product","3":"status-publish","4":"has-post-thumbnail","6":"product_cat-idn","8":"first","9":"instock","10":"taxable","11":"shipping-taxable","12":"purchasable","13":"product-type-variable","14":"has-default-attributes"},"_links":{"self":[{"href":"https:\/\/shop.idnworld.com\/zh-hant\/wp-json\/wp\/v2\/product\/2634","targetHints":{"allow":["GET"]}}],"collection":[{"href":"https:\/\/shop.idnworld.com\/zh-hant\/wp-json\/wp\/v2\/product"}],"about":[{"href":"https:\/\/shop.idnworld.com\/zh-hant\/wp-json\/wp\/v2\/types\/product"}],"wp:featuredmedia":[{"embeddable":true,"href":"https:\/\/shop.idnworld.com\/zh-hant\/wp-json\/wp\/v2\/media\/11774"}],"wp:attachment":[{"href":"https:\/\/shop.idnworld.com\/zh-hant\/wp-json\/wp\/v2\/media?parent=2634"}],"wp:term":[{"taxonomy":"product_brand","embeddable":true,"href":"https:\/\/shop.idnworld.com\/zh-hant\/wp-json\/wp\/v2\/product_brand?post=2634"},{"taxonomy":"product_cat","embeddable":true,"href":"https:\/\/shop.idnworld.com\/zh-hant\/wp-json\/wp\/v2\/product_cat?post=2634"},{"taxonomy":"product_tag","embeddable":true,"href":"https:\/\/shop.idnworld.com\/zh-hant\/wp-json\/wp\/v2\/product_tag?post=2634"}],"curies":[{"name":"wp","href":"https:\/\/api.w.org\/{rel}","templated":true}]}}