{"id":1575,"date":"2016-03-02T19:36:58","date_gmt":"2016-03-02T11:36:58","guid":{"rendered":"http:\/\/shop.idnworld.com\/product\/idn-v21n6%ef%bc%9a%e5%8c%85%e8%a3%9d%e8%a8%ad%e8%a8%88"},"modified":"2025-05-14T16:23:33","modified_gmt":"2025-05-14T08:23:33","slug":"v21n6","status":"publish","type":"product","link":"https:\/\/shop.idnworld.com\/zh-hant\/product\/v21n6\/","title":{"rendered":"IdN v21n6\uff1a\u5305\u88dd\u8a2d\u8a08"},"content":{"rendered":"<p><strong>\u5305\u88dd\u8a2d\u8a08<\/strong><br \/>\n\u5728\u6574\u500b\u8a2d\u8a08\u904e\u7a0b\u4e2d\uff0c\u8a2d\u8a08\u5e2b\u5011\u6700\u4e0d\u5e0c\u671b\u4ee4\u5730\u7403\u518d\u52a0\u6dfb\u5ee2\u7269\u8655\u7406\u554f\u984c\u3002\u7406\u60f3\u7684\u5305\u88dd\u4fbf\u662f\u4f60\u4e5f\u6368\u4e0d\u5f97\u628a\u5b83\u6254\u6389\uff0c\u800c\u53ef\u4ee5\u91cd\u65b0\u7528\u65bc\u7528\u65bc\u5305\u88dd\u5225\u7684\u6771\u897f\uff0c\u6210\u70ba\u88dd\u98fe\u54c1\uff0c\u751a\u81f3\u4e7e\u8106\u6210\u70ba\u639b\u7269\u3002\u5b83\u4ea6\u5fc5\u9700\u8207\u81ea\u8eab\u54c1\u724c\u76f8\u9644\u76f8\u627f\uff0c\u4ee4\u6d88\u8cbb\u8005\u5c0d\u54c1\u724c\u6709\u4e00\u4efd\u89aa\u5207\u53ca\u6696\u548c\u611f\uff0c\u800c\u4ee4\u4ed6\u5011\u65bc\u4e0b\u6b21\u518d\u898b\u5230\u6b64\u54c1\u724c\u7684\u7522\u54c1\u5f8c\uff0c\u6d88\u8cbb\u8005\u6703\u66f4\u5feb\u6377\u5730\u8cfc\u8cb7\u3002\u5728\u5305\u88dd\u8a2d\u8a08\u4e0a\uff0c\u8981\u8003\u616e\u62c6\u5305\u88dd\u6642\u7684\u904e\u7a0b\u53ca\u5bb9\u6613\u5ea6\u5f9e\u800c\u80af\u5b9a\u904e\u7a0b\u662f\u5feb\u6a02\u6109\u5feb\u7684\u3002\u6240\u4ee5\u662f\u76f8\u7576\u5927\u7684\u6311\u6230\u3002<\/p>\n<p>\u53e6\u5916\u4e00\u500b\u503c\u5f97\u6211\u5011\u601d\u8003\uff0c\u5c31\u662f\u70ba\u4ee5\u4e0a\u7684\u6311\u6230\u53ca\u7591\u96e3\u5e36\u51fa\u89e3\u6c7a\u65b9\u6cd5\uff1a\u6211\u5011\u7d66\u4f60\u6700\u5927\u7684\u4e00\u500b\u5c08\u984c\u6587\u7ae0\u4e2d\uff0c\u6211\u5011\u5c55\u793a\u4e86\u4e0d\u5c11\u65bc 50 \u5305\u88dd\u8a2d\u8a08\u4f5c\u54c1\uff0c\u7528\u4ed6\u5011\u6700\u597d\u7684\u5de5\u4f5c\u5c08\u6848\u548c\u667a\u6167\u53ca\u7d93\u9a57\u5c0d\u4ed6\u5011\u662f\u5982\u4f55\u4f5c\u6210\u529f\u7684\u5305\u88dd\u8a2d\u8a08\u3002<\/p>\n<p><strong>\u8a2d\u8a08\u55ae\u4f4d\uff1a<\/strong><br \/>\nAndr\u00e9 \u00dalfur Visage | arithmetic | BARDO | Beatrice Menis | Bend | Bob Studio | Chris Trivizas | Ib\u00e1n Ram\u00f3n &#038; D\u00eddac Ballester | Eric Therner | Eve Warren and Thomas Squire | Happycentro | Judit Besze | Kashiwa Sato | Katherine Blount | Kevin Harald Campean | Kokeshi MatchTeam | Leolab | Lily Kao | Mary &#038; Matt | Mei Cheng Wang | Melanie Chernock | Memo | Midday | Nendo | Oddds | Preston Grubbs | Ratowsky Creative | Rosie Gopaul | Russ Gray | Sarah Machicado | Senyor Estudi | Squat New York | Stephanie Kuga | Studio Otwarte | Tetusin Design Office | Todd Anderson | Tofu | Tough Slate Design | UNELEFANTE | Yeongkeun Jeong | Yurko Gutsulyak | Yvonne Niewerth<\/p>\n<p><strong>\u7cbe\u5f69\u5167\u5bb9\uff1a<\/strong><br \/>\nMotion Gallery\uff1a15 \u5e74\u904e\u53bb\u4e86\uff0cOFFF \u4ecd\u5728\u7e7c\u7e8c\u2026<br \/>\nFeature\uff1a\u7279\u5927\u865f\uff0e\u5305\u88dd\u8a2d\u8a08\u5c08\u8a2a<br \/>\nCreative City\uff1a\u53f0\u5317<br \/>\nStudio<br \/>\nEt cetera\/Pick of the Month<br \/>\nProduct Review<\/p>\n<p><strong>\u660e\u7d30\uff1a<\/strong><br \/>\n100 pages 5 varying paper stocks<br \/>\n4C process + matt lamination + spot UV<br \/>\nOnline access to tv.idnworld.com included<br \/>\nISSN (English Edition): 1029 4805<br \/>\nISSN (Chinese Edition): 1029 4813<\/p>\n","protected":false},"excerpt":{"rendered":"<p><strong>\u7279\u5927\u865f\uff0e\u5305\u88dd\u8a2d\u8a08\u5c08\u8a2a<\/strong><br \/>\n\u5305\u88dd\u8a2d\u8a08\u4e26\u4e0d\u53ea\u70ba\u8b93\u4f60\u5c0d\u5176\u7522\u54c1\u7522\u751f\u4e00\u898b\u937e\u60c5\uff0c\u800c\u662f\u5728\u4f60\u62ff\u8d77\u8a72\u7522\u54c1\u524d\uff0c\u5b83\u5df3\u651d\u4f4f\u4f60\u7684\u773c\u775b\uff0c\u4ee4\u4f60\u617e\u628a\u4e0d\u80fd\u3002\u5728\u5305\u88dd\u8a2d\u8a08\u4e2d\u4e0d\u7ba1\u4f60\u7528\u4e0a\u4e00\u822c\u751a\u81f3\u6240\u6709\u7684\u8a2d\u8a08\u898f\u5247\u548c\u7406\u8ad6\uff0c\u4f60\u4e5f\u53ef\u4ee5\u65bc\u5305\u88dd\u7684\u8a2d\u8a08\u904e\u7a0b\u4e2d\u627e\u5230\u65b0\u9ede\u5b50\u3002\u7279\u5927\u865f\uff0e\u5305\u88dd\u8a2d\u8a08\u4e4b\u5c08\u8a2a\u3002\u4f86\u81f3 42 \u4f4d\u8a2d\u8a08\u5e2b\u7684\u624b\u7b46\uff0c\u7d50\u96c6 50 \u591a\u500b\u651d\u4eba\u5fc3\u795e\u4e14\u6975\u70ba\u7cbe\u7dfb\u7684\u5305\u88dd\u8a2d\u8a08\u3002\u5207\u52ff\u932f\u904e\uff01<\/p>\n","protected":false},"featured_media":13349,"template":"","meta":[],"product_brand":[],"product_cat":[31],"product_tag":[],"class_list":{"0":"post-1575","1":"product","2":"type-product","3":"status-publish","4":"has-post-thumbnail","6":"product_cat-idn","8":"first","9":"instock","10":"taxable","11":"shipping-taxable","12":"purchasable","13":"product-type-variable","14":"has-default-attributes"},"_links":{"self":[{"href":"https:\/\/shop.idnworld.com\/zh-hant\/wp-json\/wp\/v2\/product\/1575","targetHints":{"allow":["GET"]}}],"collection":[{"href":"https:\/\/shop.idnworld.com\/zh-hant\/wp-json\/wp\/v2\/product"}],"about":[{"href":"https:\/\/shop.idnworld.com\/zh-hant\/wp-json\/wp\/v2\/types\/product"}],"wp:featuredmedia":[{"embeddable":true,"href":"https:\/\/shop.idnworld.com\/zh-hant\/wp-json\/wp\/v2\/media\/13349"}],"wp:attachment":[{"href":"https:\/\/shop.idnworld.com\/zh-hant\/wp-json\/wp\/v2\/media?parent=1575"}],"wp:term":[{"taxonomy":"product_brand","embeddable":true,"href":"https:\/\/shop.idnworld.com\/zh-hant\/wp-json\/wp\/v2\/product_brand?post=1575"},{"taxonomy":"product_cat","embeddable":true,"href":"https:\/\/shop.idnworld.com\/zh-hant\/wp-json\/wp\/v2\/product_cat?post=1575"},{"taxonomy":"product_tag","embeddable":true,"href":"https:\/\/shop.idnworld.com\/zh-hant\/wp-json\/wp\/v2\/product_tag?post=1575"}],"curies":[{"name":"wp","href":"https:\/\/api.w.org\/{rel}","templated":true}]}}