{"id":14905,"date":"2025-09-27T00:39:35","date_gmt":"2025-09-26T16:39:35","guid":{"rendered":"https:\/\/shop.idnworld.com\/product\/idn-v30n3%ef%bc%9a%e8%97%9d%e8%a1%93%e7%a7%91%e6%8a%80%e2%b8%ba%e5%89%b5%e6%84%8f%e6%a9%9f%e5%99%a8%ef%bc%8c%e4%ba%ba%e9%a1%9e%e8%a6%96%e9%87%8e\/"},"modified":"2025-11-26T17:08:06","modified_gmt":"2025-11-26T09:08:06","slug":"v30n3","status":"publish","type":"product","link":"https:\/\/shop.idnworld.com\/zh-hant\/product\/v30n3\/","title":{"rendered":"IdN v30n3\uff1a\u85dd\u8853\u79d1\u6280\u2e3a\u5275\u610f\u6a5f\u5668\uff0c\u4eba\u985e\u8996\u91ce"},"content":{"rendered":"<p><strong>\u85dd\u8853\u79d1\u6280\uff1a\u5275\u610f\u6a5f\u5668\uff0c\u4eba\u985e\u8996\u91ce<\/strong><br \/>\n\u5728\u9019\u5834\u6578\u4f4d\u9769\u547d\u4e2d\uff0c\u85dd\u8853\u5bb6\u65e2\u9762\u81e8\u6a5f\u6703\uff0c\u4e5f\u906d\u9047\u6311\u6230\u3002\u65b0\u79d1\u6280\u8b93\u4ed6\u5011\u80fd\u7a81\u7834\u5275\u4f5c\u7684\u6975\u9650\uff0c\u7136\u800c\u904e\u591a\u7684\u9078\u9805\u8207\u6280\u8853\u4e5f\u53ef\u80fd\u4f7f\u5275\u4f5c\u6d41\u7a0b\u8b8a\u5f97\u652f\u96e2\u7834\u788e\u3002\u6311\u6230\u4e0d\u50c5\u5728\u65bc\u638c\u63e1\u5148\u9032\u5de5\u5177\uff0c\u66f4\u5728\u65bc\u5982\u4f55\u5c07\u5176\u8207\u85dd\u8853\u8996\u91ce\u7121\u7e2b\u7d50\u5408\u3002\u5728 3D \u6e32\u67d3\u5716\u8207 AI \u751f\u6210\u5716\u50cf\u5e7e\u53ef\u4e82\u771f\u7684\u6642\u4ee3\uff0c\u85dd\u8853\u5bb6\u8a72\u5982\u4f55\u7dad\u6301\u5275\u4f5c\u7684\u8aa0\u5be6\u8207\u5b8c\u6574\u6027\uff1f<\/p>\n<p>\u79d1\u6280\u5728\u85dd\u8853\u4e2d\u7684\u89d2\u8272\uff0c\u5f15\u767c\u4e86\u5c0d\u5176\u80fd\u5426\u6fc0\u767c\u5275\u610f\uff0c\u6216\u53cd\u800c\u524a\u5f31\u5275\u4f5c\u81ea\u7531\u7684\u8a0e\u8ad6\u3002\u6280\u8853\u7684\u7cbe\u6e96\u662f\u5426\u80fd\u8207\u85dd\u8853\u7684\u81ea\u7531\u5171\u5b58\uff1f\u65b0\u8208\u6280\u8853\u7684\u666e\u53ca\u4ea6\u50ac\u751f\u51fa\u5168\u65b0\u8077\u696d\uff0c\u4f8b\u5982\u300c\u63d0\u793a\u8a9e\u7de8\u5beb\u5e2b\u300d\uff0c\u5c08\u9580\u70ba AI \u751f\u6210\u85dd\u8853\u5167\u5bb9\u8a2d\u8a08\u6307\u4ee4\u3002\u4f46\u5728\u5275\u65b0\u7684\u540c\u6642\uff0c\u4e5f\u5e36\u4f86\u53e6\u4e00\u500b\u554f\u984c\uff1a\u85dd\u8853\u7684\u672c\u8cea\u8a72\u5982\u4f55\u4fdd\u7559\uff0c\u624d\u80fd\u4e0d\u88ab\u6a5f\u68b0\u908f\u8f2f\u6240\u541e\u566c\uff1f<\/p>\n<p>\u96a8\u8457\u85dd\u8853\u8207\u79d1\u6280\u7684\u754c\u7dda\u65e5\u6f38\u6a21\u7cca\uff0c\u5275\u4f5c\u8005\u5fc5\u9808\u5728\u5169\u8005\u4e4b\u9593\u5c0b\u627e\u5e73\u8861\u3002\u91cd\u9ede\u4e0d\u50c5\u662f\u638c\u63e1\u6280\u8853\uff0c\u66f4\u8981\u78ba\u4fdd\u79d1\u6280\u670d\u52d9\u65bc\u5275\u610f\u69cb\u60f3\uff0c\u800c\u975e\u53cd\u5ba2\u70ba\u4e3b\u3002\u6240\u8b02\u300cArtTech\u300d\uff0c\u4e0d\u50c5\u662f\u5c0d\u65b0\u5de5\u5177\u7684\u904b\u7528\uff0c\u66f4\u662f\u78ba\u4fdd\u5728\u6bcf\u4e00\u6b21\u5275\u4f5c\u4e2d\uff0c\u5275\u9020\u529b\u800c\u975e\u81ea\u52d5\u5316\uff0c\u4ecd\u662f\u6838\u5fc3\u6240\u5728\u3002<\/p>\n<p><strong>\u8a2d\u8a08\u55ae\u4f4d\uff1a<\/strong><br \/>\nAndr\u00e9a Philippon | Billelis | Can B\u00fcy\u00fckberber | Christoph Strohfeld | ClydeStudio (Arthur Clyde Roger) | Fancy Lamp \/ Collectable Cities | Five Three Five Design (Tania Kalina) | FutureDeluxe | Get it Studio (Sandra Golay &#038; Alexandre Armand) | Joan Garc\u00eda Pons | Leonardoworx (Leonardo Betti) | Mach Studio | Magnane (Benoit Challand &#038; JF Passot) | Media.Work | MINIMALCHAT (Bel R. Tarducci &#038; Seba Morales) | Mr Kaplin (Robert Glassford) | notooSTUDIO | NotReal | Rare Volume | Santi Zoraidez | Sawdust (Jonathan Quainton &#038; Rob Gonzalez) | TEF Studio (Bruno Inhudes &#038; Ruth Cruz) | Transparent House | Xebius (Manuel Camino)<\/p>\n<p><strong>\u660e\u7d30\uff1a<\/strong><br \/>\n160p + 8p cover<br \/>\n160mm\uff08w\uff09x 230mm\uff08h\uff09<br \/>\n4 varying paper stocks<br \/>\n4C process + matt lamination<br \/>\nISSN\uff08\u570b\u969b\u82f1\u6587\u7248\uff09\uff1a1029 4805<br \/>\nISSN\uff08\u7e41\u9ad4\u4e2d\u6587\u7248\uff09\uff1a1029 4813<\/p>\n","protected":false},"excerpt":{"rendered":"<p><strong>\u60f3\u50cf\u529b\u8207\u7a0b\u5f0f\u78bc\uff1a\u5448\u73fe\u73fe\u5be6\u7684\u6377\u5f91<\/strong><br \/>\n\u85dd\u8853\u8207\u79d1\u6280\u7684\u878d\u5408\u6b63\u5fb9\u5e95\u6539\u8b8a\u5275\u610f\u7684\u7248\u5716\uff0c\u70ba\u85dd\u8853\u5bb6\u63d0\u4f9b\u524d\u6240\u672a\u6709\u7684\u5de5\u5177\uff0c\u4ee5\u64f4\u5c55\u4ed6\u5011\u7684\u60f3\u50cf\u529b\u3002\u5728\u672c\u671f\u5c08\u984c\u4e2d\uff0c\u6211\u5011\u5448\u73fe\u4e86 24 \u4f4d\u5275\u4f5c\u8005\u7684\u4f5c\u54c1\uff0c\u4ed6\u5011\u64c1\u62b1\u79d1\u6280\uff0c\u91cd\u65b0\u5b9a\u7fa9\u4e86\u81ea\u8eab\u5275\u4f5c\u7684\u908a\u754c\u3002\u900f\u904e\u96fb\u8166\u751f\u6210\u5f71\u50cf\uff08CGI\uff09\u30013D \u5efa\u6a21\u3001\u8996\u89ba\u7279\u6548\uff08VFX\uff09\u3001\u52d5\u614b\u5f71\u50cf\u3001\u865b\u64ec\u5be6\u5883\uff08VR\uff09\u3001\u64f4\u589e\u5be6\u5883\uff08AR\uff09\u4ee5\u53ca\u4eba\u5de5\u667a\u6167\uff08AI\uff09\uff0c\u79d1\u6280\u6b63\u5728\u958b\u555f\u4e00\u7a2e\u5168\u65b0\u7684\u8868\u9054\u8207\u4e92\u52d5\u65b9\u5f0f\uff0c\u800c\u9019\u4e9b\u66fe\u88ab\u8996\u70ba\u96e3\u4ee5\u60f3\u50cf\u7684\u5275\u4f5c\u5f62\u5f0f\uff0c\u5982\u4eca\u5df2\u6210\u70ba\u53ef\u80fd\u3002<\/p>\n<p>\u95dc\u9375\u6280\u8853\u5982 CGI\u3001VFX \u53ca AI\uff0c\u5982\u4eca\u4e0d\u518d\u53ea\u662f\u8f14\u52a9\u5de5\u5177\uff0c\u800c\u662f\u5275\u4f5c\u904e\u7a0b\u4e2d\u4e0d\u53ef\u6216\u7f3a\u7684\u6838\u5fc3\u5143\u7d20\u3002\u66fe\u7d93\u4ee4\u89c0\u773e\u9a5a\u5606\u7684 CGI \u8207 VFX\uff0c\u5982\u4eca\u5df2\u88ab\u6578\u4f4d\u85dd\u8853\u5bb6\u9032\u4e00\u6b65\u64f4\u5c55\u81f3 VR \u8207 AI \u7684\u5ee3\u95ca\u6f5b\u80fd\uff0c\u5fb9\u5e95\u8f49\u8b8a\u4e86\u85dd\u8853\u7684\u69cb\u601d\u8207\u9ad4\u9a57\u65b9\u5f0f\u3002\u5c24\u5176\u662f AI\uff0c\u5176\u61c9\u7528\u5f15\u767c\u4e86\u5ee3\u6cdb\u722d\u8ad6\uff1a\u5b83\u7a76\u7adf\u662f\u5354\u52a9\u85dd\u8853\u5bb6\u63d0\u5347\u5275\u9020\u529b\u7684\u5925\u4f34\uff0c\u9084\u662f\u5a01\u8105\u4eba\u985e\u539f\u5275\u6027\u7684\u66ff\u4ee3\u8005\uff1f<\/p>\n","protected":false},"featured_media":14911,"template":"","meta":[],"product_brand":[],"product_cat":[31],"product_tag":[],"class_list":{"0":"post-14905","1":"product","2":"type-product","3":"status-publish","4":"has-post-thumbnail","6":"product_cat-idn","8":"first","9":"instock","10":"featured","11":"taxable","12":"shipping-taxable","13":"purchasable","14":"product-type-variable","15":"has-default-attributes"},"_links":{"self":[{"href":"https:\/\/shop.idnworld.com\/zh-hant\/wp-json\/wp\/v2\/product\/14905","targetHints":{"allow":["GET"]}}],"collection":[{"href":"https:\/\/shop.idnworld.com\/zh-hant\/wp-json\/wp\/v2\/product"}],"about":[{"href":"https:\/\/shop.idnworld.com\/zh-hant\/wp-json\/wp\/v2\/types\/product"}],"wp:featuredmedia":[{"embeddable":true,"href":"https:\/\/shop.idnworld.com\/zh-hant\/wp-json\/wp\/v2\/media\/14911"}],"wp:attachment":[{"href":"https:\/\/shop.idnworld.com\/zh-hant\/wp-json\/wp\/v2\/media?parent=14905"}],"wp:term":[{"taxonomy":"product_brand","embeddable":true,"href":"https:\/\/shop.idnworld.com\/zh-hant\/wp-json\/wp\/v2\/product_brand?post=14905"},{"taxonomy":"product_cat","embeddable":true,"href":"https:\/\/shop.idnworld.com\/zh-hant\/wp-json\/wp\/v2\/product_cat?post=14905"},{"taxonomy":"product_tag","embeddable":true,"href":"https:\/\/shop.idnworld.com\/zh-hant\/wp-json\/wp\/v2\/product_tag?post=14905"}],"curies":[{"name":"wp","href":"https:\/\/api.w.org\/{rel}","templated":true}]}}