{"id":14601,"date":"2025-06-16T17:28:44","date_gmt":"2025-06-16T09:28:44","guid":{"rendered":"https:\/\/shop.idnworld.com\/product\/v30n2\/"},"modified":"2025-07-18T13:31:00","modified_gmt":"2025-07-18T05:31:00","slug":"v30n2","status":"publish","type":"product","link":"https:\/\/shop.idnworld.com\/zh-hant\/product\/v30n2\/","title":{"rendered":"IdN v30n2\uff1a\u54c1\u724c\u7cfb\u7d71\uff0f\u95dc\u9375\u8996\u89ba"},"content":{"rendered":"<p><strong>\u54c1\u724c\u7cfb\u7d71\uff0f\u95dc\u9375\u8996\u89ba<\/strong><br \/>\n\u4efb\u4f55\u6210\u529f\u7684\u54c1\u724c\u6a19\u8b58\u7cfb\u7d71\u7684\u6838\u5fc3\u90fd\u5728\u65bc\u54c1\u724c\u6307\u5c0e\u65b9\u91dd\u7684\u6982\u5ff5\uff0c\u76f8\u7576\u65bc\u4e00\u672c\u6230\u7565\u624b\u518a\uff0c\u8a73\u7d30\u95e1\u8ff0\u4e86\u7ba1\u7406\u54c1\u724c\u8cc7\u7522\u4f7f\u7528\u7684\u8996\u89ba\u898f\u5247\u8207\u539f\u5247\u3002\u9019\u4e9b\u6307\u5c0e\u65b9\u91dd\u78ba\u4fdd\u54c1\u724c\u5728\u6bcf\u500b\u89f8\u9ede\u4e0a\u90fd\u80fd\u8207\u5176\u6838\u5fc3\u7cbe\u795e\u4fdd\u6301\u4e00\u81f4\uff0c\u7121\u8ad6\u5a92\u4ecb\u5982\u4f55\u8b8a\u5316\u3002\u7121\u8ad6\u662f logo \u5728\u7db2\u969b\u7a7a\u9593\u4e2d\u7684\u9069\u914d\uff0c\u6216\u662f\u8996\u89ba\u6a19\u8a8c\u5728\u770b\u677f\u4e0a\u7684\u5448\u73fe\uff0c\u54c1\u724c\u7684\u5b8c\u6574\u6027\u59cb\u7d42\u4fdd\u6301\u4e0d\u8b8a\u3002<\/p>\n<p>\u771f\u6b63\u5f37\u5927\u7684\u54c1\u724c\u8eab\u5206\u7cfb\u7d71\u4e0d\u50c5\u9650\u65bc\u529f\u80fd\u5c64\u9762\u3002\u5b83\u95dc\u4e4e\u6253\u9020\u95dc\u9375\u7684\u8996\u89ba\u5143\u7d20\u2e3a\u90a3\u4e9b\u5f15\u4eba\u6ce8\u76ee\u7684\u5716\u50cf\u6216\u8a2d\u8a08\u5143\u7d20\uff0c\u80fd\u5920\u5728\u77ac\u9593\u50b3\u905e\u54c1\u724c\u7684\u7cbe\u9ad3\u3002\u9019\u4e9b\u8996\u89ba\u5143\u7d20\u7d55\u975e\u53ea\u662f\u88dd\u98fe\uff0c\u5b83\u5011\u662f\u54c1\u724c\u6545\u4e8b\u7684\u8996\u89ba\u7e2e\u5f71\u3002\u7121\u8ad6\u65e8\u5728\u559a\u8d77\u5192\u96aa\u3001\u6210\u719f\u3001\u6d3b\u529b\u6216\u4fe1\u4efb\u7684\u60c5\u611f\uff0c\u5f97\u5230\u7cbe\u5fc3\u8a2d\u8a08\u7684\u95dc\u9375\u8996\u89ba\u5143\u7d20\u90fd\u80fd\u7cbe\u6e96\u5730\u6982\u62ec\u54c1\u724c\u7684\u6838\u5fc3\u6558\u4e8b\uff0c\u4ee5\u6975\u9ad8\u7684\u6548\u7387\u5f15\u5c0e\u53d7\u773e\u7684\u8a8d\u77e5\u8207\u60c5\u611f\u53cd\u61c9\u3002<\/p>\n<p>\u512a\u79c0\u7684\u54c1\u724c\u8b58\u5225\u7cfb\u7d71\u9084\u80fd\u9810\u898b\u672a\u4f86\u7684\u61c9\u7528\u5834\u666f\u3002\u8a2d\u8a08\u5e2b\u9700\u8981\u601d\u8003\u54c1\u724c\u5c07\u5982\u4f55\u767c\u5c55\uff0c\u53ca\u5176\u8cc7\u7522\u5c07\u5982\u4f55\u5728\u4ee4\u4eba\u610f\u60f3\u4e0d\u5230\u7684\u6216\u65b0\u8208\u7684\u5a92\u4ecb\u4e2d\u767c\u63ee\u4f5c\u7528\u3002\u9019\u7a2e\u9060\u898b\u5353\u8b58\u5c0d\u65bc\u78ba\u4fdd\u54c1\u724c\u5f62\u50cf\u5728\u65b0\u5e73\u81fa\u548c\u65b0\u6280\u8853\u6e67\u73fe\u6642\u4ecd\u80fd\u4fdd\u6301\u5be6\u7528\u6027\u548c\u9069\u61c9\u6027\u81f3\u95dc\u91cd\u8981\u3002<\/p>\n<p><strong>\u8a2d\u8a08\u55ae\u4f4d\uff1a<\/strong><br \/>\nB126 Workshop | B&#038;A Studio | Boo Republic (Marios Georntamilis) | Brand Brothers (Johan Debit &#038; Jean-R\u00e9mi Massery) | Cansu Dag\u0306bag\u0306l\u0131 Ferreira | Cansu Merdamert | COOOT Studio | Davy Denduyver | DE_FORM (N\u00f3ra Demeczky &#038; Enik\u0151 D\u00e9ri) | DutchScot | Ensemble | Estudio Albino | Estudio MABA | FAENA Studio | Forth+Back | GIRL | HEAZ | Iseo Park | Le Carton Studio | lowkey design | Magno Gavancho Studio | Mint Design | Norman Dubois | OGV Design Studio (Ognjen Gligorijevi\u0107) | Owhyworks | Palantis (Alexis Boudal) | Petrik\u00f3r Design | Sitoh Inc. | Studio Born (Ebru Sile Goksel &#038; Ipek Eris Ugurlu) | the branding people | xolve branding<\/p>\n<p><strong>\u660e\u7d30\uff1a<\/strong><br \/>\n160p + 8p cover<br \/>\n160mm (w) x 230mm (h)<br \/>\n4 varying paper stocks<br \/>\n4C process + matt lamination<br \/>\nISSN\uff08\u570b\u969b\u82f1\u6587\u7248\uff09\uff1a1029 4805<br \/>\nISSN\uff08\u7e41\u9ad4\u4e2d\u6587\u7248\uff09\uff1a1029 4813<\/p>\n","protected":false},"excerpt":{"rendered":"<p><strong>\u54c1\u724c\u6a19\u8b58\u7684\u85dd\u8853\u2e3a\u900f\u904e\u7b56\u7565\u8207\u7f8e\u5b78\u69cb\u5efa\u9023\u63a5<\/strong><\/p>\n<p>\u5728\u7576\u4eca\u9019\u500b\u5feb\u7bc0\u594f\u3001\u8996\u89ba\u4e3b\u5c0e\u7684\u6642\u4ee3\uff0c\u6253\u9020\u54c1\u724c\u6a19\u8b58\u7d55\u975e\u53ea\u662f\u8a2d\u8a08\u4e00\u500b logo\u3001\u6311\u9078\u4e00\u5957\u914d\u8272\u65b9\u6848\u6216\u9078\u5b9a\u4e00\u7a2e\u5b57\u9ad4\u3002\u5b83\u9700\u8981\u7cbe\u5fc3\u69cb\u5efa\u4e00\u5957\u5168\u9762\u7684\u8996\u89ba\u7cfb\u7d71\u2e3a\u4e00\u5957\u8996\u89ba\u50b3\u9054\u6307\u5357\uff0c\u898f\u7bc4\u54c1\u724c\u5728\u5404\u985e\u5e73\u81fa\u4e0a\u7684\u5448\u73fe\u65b9\u5f0f\uff0c\u78ba\u4fdd\u5176\u4e00\u81f4\u6027\u548c\u9023\u8cab\u6027\u3002\u9019\u5957\u7cfb\u7d71\u5fc5\u9808\u5177\u5099\u8db3\u5920\u7684\u9748\u6d3b\u6027\uff0c\u80fd\u5920\u9069\u61c9\u5f9e\u540d\u7247\u3001\u6a19\u8a8c\u3001\u6587\u5177\u5230\u7db2\u7ad9\u3001\u5ee3\u544a\u3001\u5305\u88dd\u7b49\u591a\u7a2e\u5a92\u4ecb\u3002<\/p>\n<p>\u5728\u672c\u671f\u96dc\u8a8c\u4e2d\uff0c\u6211\u5011\u805a\u7126\u65bc\u8996\u89ba\u8b58\u5225\u3001\u95dc\u9375\u8996\u89ba\u6548\u679c\u4ee5\u53ca\u8996\u89ba\u50b3\u9054\u7684\u85dd\u8853\u6027\uff0c\u7279\u5225\u5448\u73fe\u4e86 31 \u5bb6\u5091\u51fa\u5de5\u4f5c\u5ba4\u3001\u4ee3\u7406\u6a5f\u69cb\u548c\u85dd\u8853\u7e3d\u76e3\u7684\u4f5c\u54c1\u3002\u9019\u4e9b\u5275\u610f\u4eba\u58eb\u63a2\u7d22\u4e86\u54c1\u724c\u8b58\u5225\u7cfb\u7d71\u7684\u767c\u5c55\uff0c\u5256\u6790\u4e86\u6253\u9020\u5177\u6709\u5f71\u97ff\u529b\u7684\u95dc\u9375\u8996\u89ba\u6548\u679c\u6240\u9762\u81e8\u7684\u6311\u6230\uff0c\u4ee5\u53ca\u78ba\u4fdd\u8996\u89ba\u6548\u679c\u80fd\u5f15\u767c\u6301\u4e45\u5171\u9cf4\u6240\u9700\u7684\u6230\u7565\u3002\u9019\u4e9b\u8a2d\u8a08\u4f5c\u54c1\u4e0d\u50c5\u4ee4\u4eba\u8cde\u5fc3\u6085\u76ee\uff0c\u66f4\u5177\u5099\u8868\u9054\u3001\u5f15\u5c0e\u548c\u9023\u7d50\u7684\u80fd\u529b\uff0c\u6253\u9020\u51fa\u8d85\u8d8a\u7576\u4e0b\u77ed\u66ab\u6f6e\u6d41\u7684\u6301\u4e45\u5370\u8c61\u3002<\/p>\n","protected":false},"featured_media":14674,"template":"","meta":[],"product_brand":[],"product_cat":[31],"product_tag":[],"class_list":{"0":"post-14601","1":"product","2":"type-product","3":"status-publish","4":"has-post-thumbnail","6":"product_cat-idn","8":"first","9":"instock","10":"taxable","11":"shipping-taxable","12":"purchasable","13":"product-type-variable","14":"has-default-attributes"},"_links":{"self":[{"href":"https:\/\/shop.idnworld.com\/zh-hant\/wp-json\/wp\/v2\/product\/14601","targetHints":{"allow":["GET"]}}],"collection":[{"href":"https:\/\/shop.idnworld.com\/zh-hant\/wp-json\/wp\/v2\/product"}],"about":[{"href":"https:\/\/shop.idnworld.com\/zh-hant\/wp-json\/wp\/v2\/types\/product"}],"wp:featuredmedia":[{"embeddable":true,"href":"https:\/\/shop.idnworld.com\/zh-hant\/wp-json\/wp\/v2\/media\/14674"}],"wp:attachment":[{"href":"https:\/\/shop.idnworld.com\/zh-hant\/wp-json\/wp\/v2\/media?parent=14601"}],"wp:term":[{"taxonomy":"product_brand","embeddable":true,"href":"https:\/\/shop.idnworld.com\/zh-hant\/wp-json\/wp\/v2\/product_brand?post=14601"},{"taxonomy":"product_cat","embeddable":true,"href":"https:\/\/shop.idnworld.com\/zh-hant\/wp-json\/wp\/v2\/product_cat?post=14601"},{"taxonomy":"product_tag","embeddable":true,"href":"https:\/\/shop.idnworld.com\/zh-hant\/wp-json\/wp\/v2\/product_tag?post=14601"}],"curies":[{"name":"wp","href":"https:\/\/api.w.org\/{rel}","templated":true}]}}