{"id":10367,"date":"2025-04-17T20:20:56","date_gmt":"2025-04-17T12:20:56","guid":{"rendered":"https:\/\/shop.idnworld.com\/product\/idn-v30n1%ef%bc%9a%e6%b5%81%e8%a1%8c%e6%96%87%e5%8c%96%ef%bc%8f%e6%99%82%e4%bb%a3%e5%8d%b0%e8%a8%98"},"modified":"2025-05-14T18:34:16","modified_gmt":"2025-05-14T10:34:16","slug":"v30n1","status":"publish","type":"product","link":"https:\/\/shop.idnworld.com\/zh-hant\/product\/v30n1\/","title":{"rendered":"IdN v30n1\uff1a\u6d41\u884c\u6587\u5316\uff0f\u6642\u4ee3\u5370\u8a18"},"content":{"rendered":"<p><strong>\u6d41\u884c\u6587\u5316\uff0f\u6642\u4ee3\u5370\u8a18<\/strong><br \/>\n\u8a66\u770b\u6d41\u884c\u6587\u5316\u7684\u6a19\u8a8c\u6027\u7b26\u865f\uff1a\u300a\u661f\u7403\u5927\u6230\u300b\u6216 Pink Floyd \u7684\u300a\u6708\u4e4b\u6697\u9762\u300b\u3002\u9019\u4e9b\u6587\u5316\u91cc\u7a0b\u7891\u53d7\u4eba\u5c0a\u5d07\u7684\u5730\u4f4d\u4e26\u975e\u4e00\u8e74\u800c\u5c31\u3002\u5b83\u5011\u5728\u525b\u958b\u59cb\u53ea\u662f\u521d\u9732\u92d2\u8292\u7684\u7570\u985e\uff0c\u6191\u85c9\u64c5\u9577\u5c07\u5c08\u696d\u9818\u57df\u7684\u7368\u7279\u9b45\u529b\u8f49\u5316\u70ba\u5168\u7403\u73fe\u8c61\u7684\u8996\u89ba\u8a2d\u8a08\u5e2b\u3001\u884c\u92b7\u5718\u968a\u8207\u5275\u4f5c\u8005\u7684\u5275\u610f\u6d1e\u898b\uff0c\u624d\u9010\u6f38\u8b8a\u5f97\u53d7\u4eba\u6b61\u8fce\u3002<\/p>\n<p>\u6211\u5011\u662f\u5426\u61c9\u5c07 Joy Division \u5c08\u8f2f\u300aUnknown Pleasures\u300b\u7684\u7d93\u5178\u5730\u4f4d\u6b78\u529f\u65bc Peter Saville \u8a2d\u8a08\u7684\u4ee4\u4eba\u96e3\u5fd8\u7684\u6975\u7c21\u4e3b\u7fa9\u5c01\u9762\uff0c\u9084\u662f\u97f3\u6a02\u672c\u8eab\u9444\u5c31\u4e86\u5176\u6c38\u6046\u7684\u5f71\u97ff\u529b\uff1f\u540c\u6a23\uff0c\u662f Quentin Tarantino \u7684\u958b\u5275\u6027\u96fb\u5f71\u300a\u4f4e\u4fd7\u5c0f\u8aaa\u300b\u672c\u8eab\uff0c\u9084\u662f Banksy \u5c0d\u5176\u610f\u8c61\u7684\u5de7\u5999\u91cd\u65b0\u8a6e\u91cb\uff0c\u5c07\u5176\u63a8\u5165\u4e86\u6d41\u884c\u6587\u5316\u7684\u53f2\u518a\uff1f\u4e8b\u5be6\u4e0a\uff0c\u9019\u4e9b\u5716\u9a30\u7684\u8a95\u751f\u6e90\u65bc\u5167\u5bb9\u8207\u5f62\u5f0f\u7684\u4ea4\u7e54\u4f5c\u7528\uff0c\u66f4\u96e2\u4e0d\u958b\u7279\u5b9a\u6587\u5316\u8a9e\u5883\u7684\u50ac\u5316\u3002<\/p>\n<p>\u5fc5\u9808\u627f\u8a8d\uff0c\u6d41\u884c\u6587\u5316\u7684\u672a\u4f86\u6b63\u5728\u6084\u7136\u6210\u5f62\u3002\u4e16\u754c\u6703\u6ce8\u610f\u5230\u672a\u4f86\u8da8\u52e2\u9032\u800c\u64c1\u62b1\u65b0\u6f6e\u6d41\uff0c\u53ea\u662f\u6642\u9593\u554f\u984c\u3002\u901a\u904e\u5256\u6790\u7576\u4e0b\u7684\u5275\u65b0\u529b\u91cf\uff0c\u6211\u5011\u5f97\u4ee5\u7aba\u898b\u5851\u9020\u660e\u65e5\u6587\u5316\u6f6e\u6d41\u7684\u6df1\u5c64\u8108\u52d5\u8207\u8da8\u52e2\u8b8a\u9077\u3002<\/p>\n<p><strong>\u8a2d\u8a08\u55ae\u4f4d\uff1a<\/strong><br \/>\nA1 Design | Amaury Filho | Ardhira Putra | Asya Sokolova | Ben Bauchau | C\u00e9sar Moreno | CranioDsgn (Alex G) | Dani Bl\u00e1zquez | Duong Zai | DXTR (Dennis Schuster) | Gross Robert-Paul | Haryel Jasmine | Hirado Sanpei | Kotaro Chiba | Marco Sodano | Marie Bergeron | Mercedes Baz\u00e1n | Nataliia Goncharova | Ruang Sempit Studio (Deqie Febrian) | Ryan Paul Ragnini | Sakiroo (Choi Sang Hyun) | Sapo Lend\u00e1rio (Nat\u00e1lia Lima &#038; Junior Ramos) | Subjekt Zero | Swangzhe (Hongfei Liu) | Van Orton | Wildzfreak (Chera Cheramakara)<\/p>\n<p><strong>\u660e\u7d30\uff1a<\/strong><br \/>\n160p + 8p cover<br \/>\n160mm\uff08w\uff09x 230mm\uff08h\uff09<br \/>\n4 varying paper stocks<br \/>\n4C process + matt lamination<br \/>\nISSN\uff08\u570b\u969b\u82f1\u6587\u7248\uff09\uff1a1029 4805<br \/>\nISSN\uff08\u7e41\u9ad4\u4e2d\u6587\u7248\uff09\uff1a1029 4813<\/p>\n","protected":false},"excerpt":{"rendered":"<p><strong>\u89e3\u78bc\u6642\u4ee3\u5370\u8a18\uff1a\u64cd\u63a7\u96c6\u9ad4\u8ff7\u6200\u7684\u6d41\u91cf\u5bc6\u78bc<\/strong><br \/>\nPop \u6587\u5316\u6070\u4f3c\u8b8a\u8272\u9f8d\uff0c\u59cb\u7d42\u5728\u96a8\u8457\u6642\u4ee3\u7cbe\u795e\u800c\u4e0d\u65b7\u5730\u91cd\u5851\u81ea\u6211\u3002\u9019\u4e00\u6587\u5316\u73fe\u8c61\u65e2\u8c50\u5bcc\u591a\u5143\uff0c\u53c8\u56e0\u5730\u57df\u8207\u4ee3\u969b\u5dee\u7570\u800c\u5404\u5177\u98a8\u8c8c\uff0c\u5b83\u5f80\u5f80\u6298\u5c04\u51fa\u9752\u5e74\u7fa4\u9ad4\u7684\u7cbe\u795e\u6c23\u8cea\u3001\u5076\u50cf\u5d07\u62dc\u8207\u72c2\u71b1\u8ffd\u6367\u3002\u90a3\u9ebc Pop \u7a76\u7adf\u662f\u5982\u4f55\u754c\u5b9a\u7684\u5462\uff1f\u6d41\u884c\u8a2d\u8a08\u9700\u8981\u5728\u5ee3\u6cdb\u7684\u8a8d\u53ef\u5ea6\u3001\u5c0d\u5927\u773e\u7684\u5438\u5f15\u529b\u8207\u793e\u6703\u4e0a\u7684\u67d0\u7a2e\u524d\u885b\u53db\u9006\u7279\u8cea\u4e4b\u9593\u9054\u6210\u4e00\u7a2e\u5fae\u5999\u7684\u5e73\u8861\u3002<\/p>\n<p>\u6b78\u6839\u7d50\u5e95\uff0c\u6d41\u884c\u6587\u5316\u7531\u5c11\u6578\u5275\u65b0\u8005\u3001\u958b\u62d3\u8005\u8207\u9060\u898b\u5353\u8b58\u8005\u9a45\u52d5\uff0c\u4ed6\u5011\u6562\u65bc\u63a8\u9673\u51fa\u65b0\uff0c\u7cbe\u5fc3\u5275\u9020\u51fa\u6700\u7d42\u80fd\u5438\u5f15\u66f4\u5ee3\u6cdb\u89c0\u773e\u7684\u4f5c\u54c1\u3002\u5728\u672c\u671f\u96dc\u8a8c\u4e2d\uff0c\u6211\u5011\u6df1\u5165\u63a2\u7a76\u4e86\u7576\u4ee3\u6d41\u884c\u6587\u5316\u4e0d\u65b7\u767c\u5c55\u7684\u52d5\u614b\u5716\u666f\uff0c\u7279\u5225\u805a\u7126 26 \u4f4d\u7ad9\u5728\u672a\u4f86\u8da8\u52e2\u524d\u6cbf\u7684\u85dd\u8853\u5bb6\u3001\u5275\u4f5c\u8005\u8207\u9060\u898b\u8005\u3002\u4ed6\u5011\u6b63\u4ee5\u5148\u92d2\u59ff\u614b\u91cd\u5851\u5927\u773e\u60f3\u50cf\u529b\u7684\u908a\u754c\u3002<\/p>\n","protected":false},"featured_media":10472,"template":"","meta":[],"product_brand":[],"product_cat":[31],"product_tag":[],"class_list":{"0":"post-10367","1":"product","2":"type-product","3":"status-publish","4":"has-post-thumbnail","6":"product_cat-idn","8":"first","9":"instock","10":"taxable","11":"shipping-taxable","12":"purchasable","13":"product-type-variable","14":"has-default-attributes"},"_links":{"self":[{"href":"https:\/\/shop.idnworld.com\/zh-hant\/wp-json\/wp\/v2\/product\/10367","targetHints":{"allow":["GET"]}}],"collection":[{"href":"https:\/\/shop.idnworld.com\/zh-hant\/wp-json\/wp\/v2\/product"}],"about":[{"href":"https:\/\/shop.idnworld.com\/zh-hant\/wp-json\/wp\/v2\/types\/product"}],"wp:featuredmedia":[{"embeddable":true,"href":"https:\/\/shop.idnworld.com\/zh-hant\/wp-json\/wp\/v2\/media\/10472"}],"wp:attachment":[{"href":"https:\/\/shop.idnworld.com\/zh-hant\/wp-json\/wp\/v2\/media?parent=10367"}],"wp:term":[{"taxonomy":"product_brand","embeddable":true,"href":"https:\/\/shop.idnworld.com\/zh-hant\/wp-json\/wp\/v2\/product_brand?post=10367"},{"taxonomy":"product_cat","embeddable":true,"href":"https:\/\/shop.idnworld.com\/zh-hant\/wp-json\/wp\/v2\/product_cat?post=10367"},{"taxonomy":"product_tag","embeddable":true,"href":"https:\/\/shop.idnworld.com\/zh-hant\/wp-json\/wp\/v2\/product_tag?post=10367"}],"curies":[{"name":"wp","href":"https:\/\/api.w.org\/{rel}","templated":true}]}}